{"id":96,"date":"2026-01-25T22:34:39","date_gmt":"2026-01-25T22:34:39","guid":{"rendered":"http:\/\/localhost:9000\/?page_id=96"},"modified":"2026-04-09T11:59:07","modified_gmt":"2026-04-09T11:59:07","slug":"der-aufbau-von-healix","status":"publish","type":"page","link":"https:\/\/healix.at\/?page_id=96","title":{"rendered":"Der Aufbau von HEALIX"},"content":{"rendered":"\n<div class=\"wp-block-group has-ast-global-color-5-background-color has-background is-vertical is-layout-flex wp-container-core-group-is-layout-d062f5d5 wp-block-group-is-layout-flex\" style=\"border-radius:10px;margin-top:var(--wp--preset--spacing--40);margin-bottom:var(--wp--preset--spacing--70)\">\n<h1 class=\"wp-block-heading\">Der Aufbau von HEALIX<\/h1>\n\n\n\n<p>Hochsicheres und leistungsf\u00e4higes Datennetz<\/p>\n\n\n\n<p>HEALIX stellt eine Kommunikationsinfrastruktur zur Verf\u00fcgung, die regionale Gesundheitsknoten \u00f6sterreichweit \u00fcber den HEALIX Backbone vernetzt.<\/p>\n<\/div>\n\n\n\n<div class=\"wp-block-columns is-layout-flex wp-container-core-columns-is-layout-e0e4babd wp-block-columns-is-layout-flex\" style=\"padding-right:0;padding-left:0\">\n<div class=\"wp-block-column is-layout-flow wp-block-column-is-layout-flow\" style=\"flex-basis:80%\">\n<h4 class=\"wp-block-heading\">HEALIX ist eine kritische Infrastruktur im Gesundheitsbereich.<br><\/h4>\n\n\n\n<p>Dabei werden \u2013 zum Teil schon existierende lokal Netze, (z.B. Spitalsvernetzungen wie die der gespag, der VINZENZ GRUPPE, KAV, N\u00d6 Landesklinikenholding, der SALK, etc.) an regionalen Knoten zusammengeschaltet, wobei das Konzept einen Knoten je Bundesland vorsieht. Diese Bundesl\u00e4nderknoten werden dann wiederum \u00f6sterreichweit im HEALIX Backbone verschalten.<\/p>\n\n\n\n<p>Diese Architektur bildet die Basis f\u00fcr die Kommunikation zwischen den einzelnen GDAs; jeder GDA kann mit jedem anderen dar\u00fcber Daten austauschen.<\/p>\n\n\n\n<p>Selbst bei eventuell auftretenden St\u00f6rungen bei grenz\u00fcberschreitenden Verbindungen kann dann im einzelnen Bundesland noch immer lokal kommuniziert werden.<\/p>\n\n\n\n<ul class=\"wp-block-list\">\n<li>HEALIX ist ein hochsicheres und leistungsf\u00e4higes Datennetz f\u00fcr die \u00dcbertragung von Gesundheitsdaten zwischen Krankenanstalten und anderen Gesundheitsdiensteanbietern.<\/li>\n\n\n\n<li>HEALIX geh\u00f6rt zur sogenannten \u201eKritischen Infrastruktur\u201c. Das sind materielle und informationstechnologische Einrichtungen, Netze, Dienste und Anlageg\u00fcter, deren St\u00f6rung oder Vernichtung gravierende Auswirkungen auf die Gesundheit, die Sicherheit oder das wirtschaftliche Wohlergehen der B\u00fcrger h\u00e4tte.<\/li>\n\n\n\n<li>Die HEALIX-Infrastruktur wird derzeit von den Landesenergieversorgern Wienstrom, kabelplus, Energie AG, SAG und der KELAG unter der Projektf\u00fchrung von Drei aufgebaut und betrieben.<\/li>\n<\/ul>\n<\/div>\n\n\n\n<div class=\"wp-block-column is-layout-flow wp-block-column-is-layout-flow\" style=\"flex-basis:20%\">\n<figure class=\"wp-block-image aligncenter size-large\"><img decoding=\"async\" src=\"\/wp-content\/uploads\/2026\/04\/aufbau_teaser.jpg\" alt=\"\"\/><\/figure>\n<\/div>\n<\/div>\n\n\n\n<figure class=\"wp-block-image aligncenter size-large\" style=\"margin-top:var(--wp--preset--spacing--80);margin-bottom:var(--wp--preset--spacing--80)\"><img decoding=\"async\" src=\"\/wp-content\/uploads\/2026\/01\/HEALIX_Logoleiste2-1024x55.jpg\" alt=\"\"\/><\/figure>\n","protected":false},"excerpt":{"rendered":"<p>Der Aufbau von HEALIX Hochsicheres und leistungsf\u00e4higes Datennetz HEALIX stellt eine Kommunikationsinfrastruktur zur Verf\u00fcgung, die regionale Gesundheitsknoten \u00f6sterreichweit \u00fcber den [&hellip;]<\/p>\n","protected":false},"author":1,"featured_media":0,"parent":0,"menu_order":0,"comment_status":"closed","ping_status":"closed","template":"","meta":{"site-sidebar-layout":"default","site-content-layout":"","ast-site-content-layout":"default","site-content-style":"default","site-sidebar-style":"default","ast-global-header-display":"","ast-banner-title-visibility":"","ast-main-header-display":"","ast-hfb-above-header-display":"","ast-hfb-below-header-display":"","ast-hfb-mobile-header-display":"","site-post-title":"disabled","ast-breadcrumbs-content":"","ast-featured-img":"","footer-sml-layout":"","theme-transparent-header-meta":"","adv-header-id-meta":"","stick-header-meta":"","header-above-stick-meta":"","header-main-stick-meta":"","header-below-stick-meta":"","astra-migrate-meta-layouts":"default","ast-page-background-enabled":"default","ast-page-background-meta":{"desktop":{"background-color":"var(--ast-global-color-5)","background-image":"","background-repeat":"repeat","background-position":"center center","background-size":"auto","background-attachment":"scroll","background-type":"","background-media":"","overlay-type":"","overlay-color":"","overlay-opacity":"","overlay-gradient":""},"tablet":{"background-color":"","background-image":"","background-repeat":"repeat","background-position":"center center","background-size":"auto","background-attachment":"scroll","background-type":"","background-media":"","overlay-type":"","overlay-color":"","overlay-opacity":"","overlay-gradient":""},"mobile":{"background-color":"","background-image":"","background-repeat":"repeat","background-position":"center center","background-size":"auto","background-attachment":"scroll","background-type":"","background-media":"","overlay-type":"","overlay-color":"","overlay-opacity":"","overlay-gradient":""}},"ast-content-background-meta":{"desktop":{"background-color":"var(--ast-global-color-4)","background-image":"","background-repeat":"repeat","background-position":"center center","background-size":"auto","background-attachment":"scroll","background-type":"","background-media":"","overlay-type":"","overlay-color":"","overlay-opacity":"","overlay-gradient":""},"tablet":{"background-color":"var(--ast-global-color-4)","background-image":"","background-repeat":"repeat","background-position":"center center","background-size":"auto","background-attachment":"scroll","background-type":"","background-media":"","overlay-type":"","overlay-color":"","overlay-opacity":"","overlay-gradient":""},"mobile":{"background-color":"var(--ast-global-color-4)","background-image":"","background-repeat":"repeat","background-position":"center center","background-size":"auto","background-attachment":"scroll","background-type":"","background-media":"","overlay-type":"","overlay-color":"","overlay-opacity":"","overlay-gradient":""}},"footnotes":""},"class_list":["post-96","page","type-page","status-publish","hentry"],"_links":{"self":[{"href":"https:\/\/healix.at\/index.php?rest_route=\/wp\/v2\/pages\/96","targetHints":{"allow":["GET"]}}],"collection":[{"href":"https:\/\/healix.at\/index.php?rest_route=\/wp\/v2\/pages"}],"about":[{"href":"https:\/\/healix.at\/index.php?rest_route=\/wp\/v2\/types\/page"}],"author":[{"embeddable":true,"href":"https:\/\/healix.at\/index.php?rest_route=\/wp\/v2\/users\/1"}],"replies":[{"embeddable":true,"href":"https:\/\/healix.at\/index.php?rest_route=%2Fwp%2Fv2%2Fcomments&post=96"}],"version-history":[{"count":8,"href":"https:\/\/healix.at\/index.php?rest_route=\/wp\/v2\/pages\/96\/revisions"}],"predecessor-version":[{"id":646,"href":"https:\/\/healix.at\/index.php?rest_route=\/wp\/v2\/pages\/96\/revisions\/646"}],"wp:attachment":[{"href":"https:\/\/healix.at\/index.php?rest_route=%2Fwp%2Fv2%2Fmedia&parent=96"}],"curies":[{"name":"wp","href":"https:\/\/api.w.org\/{rel}","templated":true}]}}