{"id":94,"date":"2026-01-25T22:34:06","date_gmt":"2026-01-25T22:34:06","guid":{"rendered":"http:\/\/localhost:9000\/?page_id=94"},"modified":"2026-04-09T11:58:00","modified_gmt":"2026-04-09T11:58:00","slug":"der-nutzen-von-healix","status":"publish","type":"page","link":"https:\/\/healix.at\/?page_id=94","title":{"rendered":"Der Nutzen von HEALIX"},"content":{"rendered":"\n<div class=\"wp-block-group has-ast-global-color-5-background-color has-background is-vertical is-layout-flex wp-container-core-group-is-layout-d062f5d5 wp-block-group-is-layout-flex\" style=\"border-radius:10px;margin-top:var(--wp--preset--spacing--40);margin-bottom:var(--wp--preset--spacing--70)\">\n<h1 class=\"wp-block-heading\">Der Nutzen von HEALIX<\/h1>\n\n\n\n<p>Aus der Sicht von \u00c4rzten und Patienten<\/p>\n\n\n\n<p>HEALIX verk\u00fcrzt Wartezeiten, erm\u00f6glicht Zweitbefundungen inklusive Bilddaten in Echtzeit und hilft, Mehrfachbefundungen zu vermeiden.<br><\/p>\n<\/div>\n\n\n\n<h4 class=\"wp-block-heading\">Der Nutzen von HEALIX aus der Sicht von \u00c4rzten und Patienten<br><\/h4>\n\n\n\n<ul class=\"wp-block-list\">\n<li>\u00dcbertragung&nbsp;<strong>gro\u00dfer Datenmengen<\/strong>&nbsp;in&nbsp;<strong>Echtzeit<\/strong>&nbsp;von einem GDA zum anderen (vor allem f\u00fcr bildgebende Untersuchungen)<\/li>\n\n\n\n<li>Bei&nbsp;<strong>akuten Erkrankungen<\/strong>&nbsp;k\u00f6nnen&nbsp;<strong>schnelle Entscheidungen<\/strong>&nbsp;f\u00fcr die weitere Behandlung des Patienten in Zusammenarbeit \u00f6rtlich getrennter GDAs gef\u00e4llt werden<\/li>\n\n\n\n<li><strong>Verk\u00fcrzung<\/strong>&nbsp;von&nbsp;<strong>Wartezeiten<\/strong><\/li>\n\n\n\n<li><strong>Vermeidung von Mehrfachuntersuchungen<\/strong><\/li>\n\n\n\n<li>Einholung von&nbsp;<strong>Vorbefunden<\/strong><\/li>\n\n\n\n<li>Damit&nbsp;<strong>nur eine Leitung f\u00fcr alle Anwendungen<\/strong>&nbsp;im Gesundheitsbereich<\/li>\n<\/ul>\n\n\n\n<p>Mit einem Wort\u2026<\/p>\n\n\n\n<p><strong>HEALIX hilft volkswirtschaftliche Kosten zu reduzieren!<\/strong><\/p>\n\n\n\n<figure class=\"wp-block-image aligncenter size-large\" style=\"margin-top:var(--wp--preset--spacing--80);margin-bottom:var(--wp--preset--spacing--80)\"><img decoding=\"async\" src=\"\/wp-content\/uploads\/2026\/01\/HEALIX_Logoleiste2-1024x55.jpg\" alt=\"\"\/><\/figure>\n","protected":false},"excerpt":{"rendered":"<p>Der Nutzen von HEALIX Aus der Sicht von \u00c4rzten und Patienten HEALIX verk\u00fcrzt Wartezeiten, erm\u00f6glicht Zweitbefundungen inklusive Bilddaten in Echtzeit [&hellip;]<\/p>\n","protected":false},"author":1,"featured_media":0,"parent":0,"menu_order":0,"comment_status":"closed","ping_status":"closed","template":"","meta":{"site-sidebar-layout":"default","site-content-layout":"","ast-site-content-layout":"default","site-content-style":"default","site-sidebar-style":"default","ast-global-header-display":"","ast-banner-title-visibility":"","ast-main-header-display":"","ast-hfb-above-header-display":"","ast-hfb-below-header-display":"","ast-hfb-mobile-header-display":"","site-post-title":"disabled","ast-breadcrumbs-content":"","ast-featured-img":"","footer-sml-layout":"","theme-transparent-header-meta":"","adv-header-id-meta":"","stick-header-meta":"","header-above-stick-meta":"","header-main-stick-meta":"","header-below-stick-meta":"","astra-migrate-meta-layouts":"default","ast-page-background-enabled":"default","ast-page-background-meta":{"desktop":{"background-color":"var(--ast-global-color-5)","background-image":"","background-repeat":"repeat","background-position":"center center","background-size":"auto","background-attachment":"scroll","background-type":"","background-media":"","overlay-type":"","overlay-color":"","overlay-opacity":"","overlay-gradient":""},"tablet":{"background-color":"","background-image":"","background-repeat":"repeat","background-position":"center center","background-size":"auto","background-attachment":"scroll","background-type":"","background-media":"","overlay-type":"","overlay-color":"","overlay-opacity":"","overlay-gradient":""},"mobile":{"background-color":"","background-image":"","background-repeat":"repeat","background-position":"center center","background-size":"auto","background-attachment":"scroll","background-type":"","background-media":"","overlay-type":"","overlay-color":"","overlay-opacity":"","overlay-gradient":""}},"ast-content-background-meta":{"desktop":{"background-color":"var(--ast-global-color-4)","background-image":"","background-repeat":"repeat","background-position":"center center","background-size":"auto","background-attachment":"scroll","background-type":"","background-media":"","overlay-type":"","overlay-color":"","overlay-opacity":"","overlay-gradient":""},"tablet":{"background-color":"var(--ast-global-color-4)","background-image":"","background-repeat":"repeat","background-position":"center center","background-size":"auto","background-attachment":"scroll","background-type":"","background-media":"","overlay-type":"","overlay-color":"","overlay-opacity":"","overlay-gradient":""},"mobile":{"background-color":"var(--ast-global-color-4)","background-image":"","background-repeat":"repeat","background-position":"center center","background-size":"auto","background-attachment":"scroll","background-type":"","background-media":"","overlay-type":"","overlay-color":"","overlay-opacity":"","overlay-gradient":""}},"footnotes":""},"class_list":["post-94","page","type-page","status-publish","hentry"],"_links":{"self":[{"href":"https:\/\/healix.at\/index.php?rest_route=\/wp\/v2\/pages\/94","targetHints":{"allow":["GET"]}}],"collection":[{"href":"https:\/\/healix.at\/index.php?rest_route=\/wp\/v2\/pages"}],"about":[{"href":"https:\/\/healix.at\/index.php?rest_route=\/wp\/v2\/types\/page"}],"author":[{"embeddable":true,"href":"https:\/\/healix.at\/index.php?rest_route=\/wp\/v2\/users\/1"}],"replies":[{"embeddable":true,"href":"https:\/\/healix.at\/index.php?rest_route=%2Fwp%2Fv2%2Fcomments&post=94"}],"version-history":[{"count":5,"href":"https:\/\/healix.at\/index.php?rest_route=\/wp\/v2\/pages\/94\/revisions"}],"predecessor-version":[{"id":642,"href":"https:\/\/healix.at\/index.php?rest_route=\/wp\/v2\/pages\/94\/revisions\/642"}],"wp:attachment":[{"href":"https:\/\/healix.at\/index.php?rest_route=%2Fwp%2Fv2%2Fmedia&parent=94"}],"curies":[{"name":"wp","href":"https:\/\/api.w.org\/{rel}","templated":true}]}}