{"id":87,"date":"2026-01-25T22:29:16","date_gmt":"2026-01-25T22:29:16","guid":{"rendered":"http:\/\/localhost:9000\/?page_id=87"},"modified":"2026-04-09T11:54:25","modified_gmt":"2026-04-09T11:54:25","slug":"healix-initiative","status":"publish","type":"page","link":"https:\/\/healix.at\/?page_id=87","title":{"rendered":"Die Initiative HEALIX"},"content":{"rendered":"\n<div class=\"wp-block-group has-ast-global-color-5-background-color has-background is-vertical is-layout-flex wp-container-core-group-is-layout-d062f5d5 wp-block-group-is-layout-flex\" style=\"border-radius:10px;margin-top:var(--wp--preset--spacing--40);margin-bottom:var(--wp--preset--spacing--70)\">\n<h1 class=\"wp-block-heading has-text-align-left\">Die Initiative HEALIX<\/h1>\n\n\n\n<p class=\"has-text-align-left\">Gesundheitsknoten in jedem Bundesland<\/p>\n\n\n\n<p class=\"has-text-align-left\">HEALIX stellt eine Kommunikationsinfrastruktur zur Verf\u00fcgung, die an die elektronische Gesundheitsakte ELGA und die e-card Servcies angebunden ist, und Teil der kritischen Infrastruktur der Republik \u00d6sterreich ist.<\/p>\n<\/div>\n\n\n\n<h2 class=\"wp-block-heading\">Der HEALIX \u00d6sterreich Backbone.<\/h2>\n\n\n\n<p>Regionale Gesundheitsknoten im Bundesland:<\/p>\n\n\n\n<div class=\"wp-block-columns is-layout-flex wp-container-core-columns-is-layout-07b7b7eb wp-block-columns-is-layout-flex\" style=\"padding-top:0;padding-right:0;padding-bottom:0;padding-left:0\">\n<div class=\"wp-block-column is-layout-flow wp-block-column-is-layout-flow\">\n<figure class=\"wp-block-image size-large\"><img decoding=\"async\" src=\"\/wp-content\/uploads\/2026\/04\/healix_lupe_header.jpg\" alt=\"\"\/><\/figure>\n<\/div>\n\n\n\n<div class=\"wp-block-column is-layout-flow wp-block-column-is-layout-flow\">\n<p>So wie der menschliche K\u00f6rper sein Zentralnervensystem zur Kommunikation ben\u00f6tigt, ben\u00f6tigen ebenso die verschiedenen elektronischen Gesundheitsdienste (e-Health) ein robustes Kommunikationssystem. HEALIX (e-Health Interexchange) ist eine sichere, verl\u00e4ssliche und leistungsstarke Kommunikationsinfrastruktur f\u00fcr die Anwendungen der Informations- und Kommunikationstechnologie (IKT) des \u00f6sterr. Gesundheitswesens. HEALIX unterst\u00fctzt damit das Ziel, behandlungsrelevante Gesundheitsinformationen zeit- und ortsunabh\u00e4ngig bereitzustellen.<\/p>\n\n\n\n<p>HEALIX stellt eine Kommunikationsinfrastruktur zur Verf\u00fcgung, die z.B. f\u00fcr die Realisierung der elektronischen Gesundheitsakte (ELGA) mit Verbindung zum e-card Service genutzt werden kann.<\/p>\n<\/div>\n<\/div>\n\n\n\n<ul class=\"wp-block-list\">\n<li>Datenaustausch zwischen den einzelnen Gesundheitsdiensteanbietern (GDA)<\/li>\n\n\n\n<li>Erweiterung des Datenaustausches zu den Einrichtungen des Sozialwesens<\/li>\n\n\n\n<li>Datenaustausch \u00fcber Bundesl\u00e4ndergrenzen hinweg bzw. in die Europ\u00e4ische Union<\/li>\n\n\n\n<li>Zugang zu elektronischen Gesundheitsdiensten (z.B. R\u00f6ntgenbild- oder Befundarchive)<\/li>\n<\/ul>\n\n\n\n<figure class=\"wp-block-image aligncenter size-large\" style=\"margin-top:var(--wp--preset--spacing--80);margin-bottom:var(--wp--preset--spacing--80)\"><img decoding=\"async\" src=\"\/wp-content\/uploads\/2026\/01\/HEALIX_Logoleiste2-1024x55.jpg\" alt=\"\"\/><\/figure>\n\n\n\n<p><\/p>\n","protected":false},"excerpt":{"rendered":"<p>Der HEALIX \u00d6sterreich Backbone. Regionale Gesundheitsknoten im Bundesland: So wie der menschliche K\u00f6rper sein Zentralnervensystem zur Kommunikation ben\u00f6tigt, ben\u00f6tigen ebenso [&hellip;]<\/p>\n","protected":false},"author":1,"featured_media":0,"parent":0,"menu_order":0,"comment_status":"closed","ping_status":"closed","template":"","meta":{"site-sidebar-layout":"default","site-content-layout":"","ast-site-content-layout":"default","site-content-style":"default","site-sidebar-style":"default","ast-global-header-display":"","ast-banner-title-visibility":"","ast-main-header-display":"","ast-hfb-above-header-display":"","ast-hfb-below-header-display":"","ast-hfb-mobile-header-display":"","site-post-title":"disabled","ast-breadcrumbs-content":"","ast-featured-img":"","footer-sml-layout":"","theme-transparent-header-meta":"","adv-header-id-meta":"","stick-header-meta":"","header-above-stick-meta":"","header-main-stick-meta":"","header-below-stick-meta":"","astra-migrate-meta-layouts":"default","ast-page-background-enabled":"default","ast-page-background-meta":{"desktop":{"background-color":"var(--ast-global-color-5)","background-image":"","background-repeat":"repeat","background-position":"center center","background-size":"auto","background-attachment":"scroll","background-type":"","background-media":"","overlay-type":"","overlay-color":"","overlay-opacity":"","overlay-gradient":""},"tablet":{"background-color":"","background-image":"","background-repeat":"repeat","background-position":"center center","background-size":"auto","background-attachment":"scroll","background-type":"","background-media":"","overlay-type":"","overlay-color":"","overlay-opacity":"","overlay-gradient":""},"mobile":{"background-color":"","background-image":"","background-repeat":"repeat","background-position":"center center","background-size":"auto","background-attachment":"scroll","background-type":"","background-media":"","overlay-type":"","overlay-color":"","overlay-opacity":"","overlay-gradient":""}},"ast-content-background-meta":{"desktop":{"background-color":"var(--ast-global-color-4)","background-image":"","background-repeat":"repeat","background-position":"center center","background-size":"auto","background-attachment":"scroll","background-type":"","background-media":"","overlay-type":"","overlay-color":"","overlay-opacity":"","overlay-gradient":""},"tablet":{"background-color":"var(--ast-global-color-4)","background-image":"","background-repeat":"repeat","background-position":"center center","background-size":"auto","background-attachment":"scroll","background-type":"","background-media":"","overlay-type":"","overlay-color":"","overlay-opacity":"","overlay-gradient":""},"mobile":{"background-color":"var(--ast-global-color-4)","background-image":"","background-repeat":"repeat","background-position":"center center","background-size":"auto","background-attachment":"scroll","background-type":"","background-media":"","overlay-type":"","overlay-color":"","overlay-opacity":"","overlay-gradient":""}},"footnotes":""},"class_list":["post-87","page","type-page","status-publish","hentry"],"_links":{"self":[{"href":"https:\/\/healix.at\/index.php?rest_route=\/wp\/v2\/pages\/87","targetHints":{"allow":["GET"]}}],"collection":[{"href":"https:\/\/healix.at\/index.php?rest_route=\/wp\/v2\/pages"}],"about":[{"href":"https:\/\/healix.at\/index.php?rest_route=\/wp\/v2\/types\/page"}],"author":[{"embeddable":true,"href":"https:\/\/healix.at\/index.php?rest_route=\/wp\/v2\/users\/1"}],"replies":[{"embeddable":true,"href":"https:\/\/healix.at\/index.php?rest_route=%2Fwp%2Fv2%2Fcomments&post=87"}],"version-history":[{"count":11,"href":"https:\/\/healix.at\/index.php?rest_route=\/wp\/v2\/pages\/87\/revisions"}],"predecessor-version":[{"id":637,"href":"https:\/\/healix.at\/index.php?rest_route=\/wp\/v2\/pages\/87\/revisions\/637"}],"wp:attachment":[{"href":"https:\/\/healix.at\/index.php?rest_route=%2Fwp%2Fv2%2Fmedia&parent=87"}],"curies":[{"name":"wp","href":"https:\/\/api.w.org\/{rel}","templated":true}]}}