{"id":6,"date":"2025-11-17T09:05:51","date_gmt":"2025-11-17T09:05:51","guid":{"rendered":"http:\/\/localhost:9000\/?page_id=6"},"modified":"2026-04-09T11:52:41","modified_gmt":"2026-04-09T11:52:41","slug":"home","status":"publish","type":"page","link":"https:\/\/healix.at\/","title":{"rendered":"Home"},"content":{"rendered":"\n<div class=\"wp-block-cover alignfull is-light wp-duotone-unset-1\" style=\"margin-top:var(--wp--preset--spacing--80);margin-bottom:0;padding-top:var(--wp--preset--spacing--80);padding-bottom:var(--wp--preset--spacing--80);min-height:424px;aspect-ratio:unset;\"><span aria-hidden=\"true\" class=\"wp-block-cover__background has-white-background-color has-background-dim-100 has-background-dim\"><\/span><div class=\"wp-block-cover__inner-container is-layout-flow wp-block-cover-is-layout-flow\">\n<div class=\"inherit-container-width wp-block-group alignwide is-layout-constrained wp-block-group-is-layout-constrained\">\n<div class=\"wp-block-media-text alignwide has-media-on-the-right is-stacked-on-mobile is-vertically-aligned-center\" style=\"border-style:none;border-width:0px;border-radius:0px;grid-template-columns:auto 47%\"><div class=\"wp-block-media-text__content\">\n<h1 class=\"wp-block-heading has-text-align-left has-ast-global-color-2-color has-text-color\">Willkommen bei HEALIX<\/h1>\n\n\n\n<p class=\"has-text-align-left\"><\/p>\n\n\n\n<p class=\"has-white-color has-text-color has-ast-global-color-3-color has-link-color wp-elements-1b7b1a31d7ca45e928ffc7006a6e0f2a\">HEALIX (e-Health Interexchange) ist eine sichere, verl\u00e4ssliche und leistungsstarke Kommunikationsinfrastruktur f\u00fcr die Anwendungen der Informations- und Kommunikationstechnologie (IKT) des \u00f6sterr. Gesundheitswesens. HEALIX unterst\u00fctzt damit das Ziel, behandlungsrelevante Gesundheitsinformationen zeit- und ortsunabh\u00e4ngig bereitzustellen.<\/p>\n\n\n\n<div class=\"wp-block-buttons is-layout-flex wp-block-buttons-is-layout-flex\"><\/div>\n\n\n\n<div class=\"wp-block-buttons is-layout-flex wp-block-buttons-is-layout-flex\">\n<div class=\"wp-block-button\"><a class=\"wp-block-button__link wp-element-button\" href=\"\/?page_id=87\">Mehr erfahren.<\/a><\/div>\n<\/div>\n<\/div><figure class=\"wp-block-media-text__media\"><img loading=\"lazy\" decoding=\"async\" width=\"940\" height=\"529\" src=\"https:\/\/healix-wordpress.healix.prod.awseuc1.dcop.internal\/wp-content\/uploads\/2025\/11\/WhatsApp-Image-2023-10-24-at-13.webp\" alt=\"\" class=\"wp-image-41 size-full\" srcset=\"https:\/\/healix.at\/wp-content\/uploads\/2025\/11\/WhatsApp-Image-2023-10-24-at-13.webp 940w, https:\/\/healix.at\/wp-content\/uploads\/2025\/11\/WhatsApp-Image-2023-10-24-at-13-300x169.webp 300w, https:\/\/healix.at\/wp-content\/uploads\/2025\/11\/WhatsApp-Image-2023-10-24-at-13-768x432.webp 768w\" sizes=\"auto, (max-width: 940px) 100vw, 940px\" \/><\/figure><\/div>\n<\/div>\n<\/div><\/div>\n\n\n\n<div class=\"wp-block-group alignfull is-layout-constrained wp-container-core-group-is-layout-40d2dc6f wp-block-group-is-layout-constrained\" id=\"services\" style=\"margin-top:0;margin-bottom:0;padding-top:70px;padding-bottom:70px\">\n<div class=\"wp-block-columns is-layout-flex wp-container-core-columns-is-layout-60cbf9bb wp-block-columns-is-layout-flex\" style=\"margin-top:50px\">\n<div class=\"wp-block-column is-layout-flow wp-container-core-column-is-layout-6b73ce23 wp-block-column-is-layout-flow\">\n<figure class=\"wp-block-gallery has-nested-images columns-default is-cropped wp-block-gallery-2 is-layout-flex wp-block-gallery-is-layout-flex\">\n<figure class=\"wp-block-image size-large\"><img decoding=\"async\" src=\"\/wp-content\/uploads\/2026\/01\/initiative.jpg\" alt=\"\"\/><\/figure>\n<\/figure>\n\n\n\n<h3 class=\"wp-block-heading\" style=\"margin-top:16px\"><a href=\"\/?page_id=87\" data-type=\"page\" data-id=\"87\">Initiative<\/a><\/h3>\n\n\n\n<p>HEALIX unterst\u00fctzt das Ziel, behandlungsrelevante Gesundheitsinformationen zeit- und ortsunabh\u00e4ngig bereitzustellen.<\/p>\n<\/div>\n\n\n\n<div class=\"wp-block-column is-layout-flow wp-container-core-column-is-layout-6b73ce23 wp-block-column-is-layout-flow\">\n<figure class=\"wp-block-image size-large\"><img decoding=\"async\" src=\"\/wp-content\/uploads\/2026\/01\/vision.jpg\" alt=\"\"\/><\/figure>\n\n\n\n<h3 class=\"wp-block-heading\" style=\"margin-top:16px\"><a href=\"\/?page_id=92\" data-type=\"page\" data-id=\"92\">Vision<\/a><\/h3>\n\n\n\n<p>Datenaustausch zwischen den einzelnen Gesundheitsdiensteanbietern (GDA), \u00fcber Bundesl\u00e4ndergrenzen hinweg<\/p>\n<\/div>\n\n\n\n<div class=\"wp-block-column is-layout-flow wp-container-core-column-is-layout-6b73ce23 wp-block-column-is-layout-flow\">\n<figure class=\"wp-block-image size-large\"><img decoding=\"async\" src=\"\/wp-content\/uploads\/2026\/01\/nutzen.jpg\" alt=\"\"\/><\/figure>\n\n\n\n<h3 class=\"wp-block-heading\" style=\"margin-top:16px\"><a href=\"\/?page_id=94\" data-type=\"page\" data-id=\"94\">Nutzen<\/a><\/h3>\n\n\n\n<p>M\u00f6glichkeit gro\u00dfe Datenmengen in m\u00f6glichst kurzer Zeit von einem GDA zum anderen zu \u00fcbertragen.Vor allem f\u00fcr bildgebende Untersuchungen<\/p>\n<\/div>\n<\/div>\n<\/div>\n\n\n\n<div class=\"wp-block-group alignfull has-ast-global-color-5-background-color has-background is-layout-constrained wp-container-core-group-is-layout-94d206d0 wp-block-group-is-layout-constrained\" id=\"about\" style=\"padding-top:143px;padding-bottom:144px\">\n<div class=\"wp-block-media-text has-media-on-the-right is-stacked-on-mobile is-vertically-aligned-center\"><div class=\"wp-block-media-text__content\">\n<div class=\"inherit-container-width wp-block-group is-layout-constrained wp-container-core-group-is-layout-47ce07ec wp-block-group-is-layout-constrained\" style=\"padding-right:80px\">\n<h2 class=\"wp-block-heading\" style=\"padding-right:40px\">Wie kann ich HEALIX nutzen?<\/h2>\n\n\n\n<p>Besteht der Wunsch HEALIX zu nutzen, so muss die entsprechende Nutzungserkl\u00e4rung unterschrieben werden. Mit der Unterfertigung der Nutzungserkl\u00e4rung werden gleichzeitig die HEALIX Nutzungsbestimmungen sowie die HEALIX Informationssicherheitsbestimmungen in der aktuell g\u00fcltigen Fassung anerkannt.<\/p>\n<\/div>\n\n\n\n<div class=\"wp-block-buttons is-layout-flex wp-block-buttons-is-layout-flex\" style=\"margin-top:var(--wp--preset--spacing--50);margin-bottom:var(--wp--preset--spacing--50)\">\n<div class=\"wp-block-button is-style-fill\"><a class=\"wp-block-button__link wp-element-button\" href=\"\/?page_id=102\">Mehr erfahren<\/a><\/div>\n<\/div>\n<\/div><figure class=\"wp-block-media-text__media\"><img loading=\"lazy\" decoding=\"async\" width=\"600\" height=\"480\" src=\"https:\/\/healix-wordpress.healix.prod.awseuc1.dcop.internal\/wp-content\/uploads\/2026\/04\/about-us.jpg\" alt=\"\" class=\"wp-image-633 size-full\" srcset=\"https:\/\/healix.at\/wp-content\/uploads\/2026\/04\/about-us.jpg 600w, https:\/\/healix.at\/wp-content\/uploads\/2026\/04\/about-us-300x240.jpg 300w\" sizes=\"auto, (max-width: 600px) 100vw, 600px\" \/><\/figure><\/div>\n<\/div>\n\n\n\n<div class=\"wp-block-group alignfull is-layout-constrained wp-container-core-group-is-layout-192ad6bd wp-block-group-is-layout-constrained\" id=\"whyus\" style=\"padding-top:55px;padding-bottom:55px\">\n<div class=\"wp-block-columns is-layout-flex wp-container-core-columns-is-layout-29aadeec wp-block-columns-is-layout-flex\" style=\"margin-top:60px\">\n<div class=\"wp-block-column is-layout-flow wp-container-core-column-is-layout-6b73ce23 wp-block-column-is-layout-flow\">\n<figure class=\"wp-block-image size-large\"><img decoding=\"async\" src=\"\/wp-content\/themes\/astra\/inc\/assets\/images\/starter-content\/passionate.svg\" alt=\"\"\/><\/figure>\n\n\n\n<h3 class=\"wp-block-heading\" style=\"margin-top:16px\">Kritische Infrastruktur<\/h3>\n\n\n\n<p>HEALIX geh\u00f6rt zur sogenannten \u201eKritischen Infrastruktur\u201c, das sind Netze und Dienste, deren St\u00f6rung oder Ausfall gravierende Auswirkungen u.a. auf die Gesundheit und Sicherheit&nbsp; der B\u00fcrger h\u00e4tte.<\/p>\n<\/div>\n\n\n\n<div class=\"wp-block-column is-layout-flow wp-container-core-column-is-layout-6b73ce23 wp-block-column-is-layout-flow\">\n<figure class=\"wp-block-image size-large\"><img decoding=\"async\" src=\"\/wp-content\/themes\/astra\/inc\/assets\/images\/starter-content\/professional.svg\" alt=\"\"\/><\/figure>\n\n\n\n<h3 class=\"wp-block-heading\" style=\"margin-top:16px\">Modernste Glasfasernetze<\/h3>\n\n\n\n<p>Die HEALIX-Infrastruktur wird derzeit von den Landesenergieversorgern Wienstrom, kabelplus, Energie AG, SAG und der KELAG unter der Projektf\u00fchrung von Drei aufgebaut und betrieben.<\/p>\n<\/div>\n\n\n\n<div class=\"wp-block-column is-layout-flow wp-container-core-column-is-layout-6b73ce23 wp-block-column-is-layout-flow\">\n<figure class=\"wp-block-image size-large\"><img decoding=\"async\" src=\"\/wp-content\/themes\/astra\/inc\/assets\/images\/starter-content\/support.svg\" alt=\"\"\/><\/figure>\n\n\n\n<h3 class=\"wp-block-heading\" style=\"margin-top:16px\">Netzwerk-Architektur<\/h3>\n\n\n\n<p>Der dedizierte HEALIX Backone ist durchgehend knoten- und kantendiskjunkt ausgef\u00fchrt. Die HEALIX Accessleitungen k\u00f6nnen ebenfalls knoten- und kantendisjunkt errichtet werden.<\/p>\n<\/div>\n<\/div>\n<\/div>\n\n\n\n<div class=\"wp-block-group alignfull has-light-green-cyan-to-vivid-green-cyan-gradient-background has-background is-layout-grid wp-container-core-group-is-layout-208eb9c6 wp-block-group-is-layout-grid\" id=\"contact\" style=\"padding-top:104px;padding-bottom:104px\">\n<figure class=\"wp-block-image size-large is-style-default wp-container-content-92c0028b\"><img decoding=\"async\" src=\"\/wp-content\/uploads\/2026\/01\/NLGA_Logo_4c_mit_Claim_in_blau-1024x574.png\" alt=\"\" style=\"object-fit:cover\"\/><\/figure>\n\n\n\n<figure class=\"wp-block-image size-large\"><img decoding=\"async\" src=\"\/wp-content\/uploads\/2026\/01\/salk.png\" alt=\"\"\/><\/figure>\n\n\n\n<figure class=\"wp-block-image size-large\"><img decoding=\"async\" src=\"\/wp-content\/uploads\/2026\/01\/VinzenzGruppe_Footer.png\" alt=\"\"\/><\/figure>\n\n\n\n<figure class=\"wp-block-image size-large\"><img decoding=\"async\" src=\"\/wp-content\/uploads\/2026\/01\/WrGesundheitsverbund_Footer.png\" alt=\"\"\/><\/figure>\n\n\n\n<figure class=\"wp-block-image size-large\"><img decoding=\"async\" src=\"\/wp-content\/uploads\/2026\/01\/drei.png\" alt=\"\"\/><\/figure>\n\n\n\n<figure class=\"wp-block-image size-large\"><img decoding=\"async\" src=\"\/wp-content\/uploads\/2026\/01\/ooeg.png\" alt=\"\"\/><\/figure>\n\n\n\n<figure class=\"wp-block-image size-large\"><img decoding=\"async\" src=\"\/wp-content\/uploads\/2026\/01\/salzburg_ag.png\" alt=\"\"\/><\/figure>\n\n\n\n<figure class=\"wp-block-image size-full\"><img loading=\"lazy\" decoding=\"async\" width=\"586\" height=\"430\" src=\"https:\/\/healix-wordpress.healix.prod.awseuc1.dcop.internal\/wp-content\/uploads\/2026\/01\/energie_ag_ooe.png\" alt=\"\" class=\"wp-image-69\" srcset=\"https:\/\/healix.at\/wp-content\/uploads\/2026\/01\/energie_ag_ooe.png 586w, https:\/\/healix.at\/wp-content\/uploads\/2026\/01\/energie_ag_ooe-300x220.png 300w\" sizes=\"auto, (max-width: 586px) 100vw, 586px\" \/><\/figure>\n\n\n\n<figure class=\"wp-block-image size-large has-custom-border is-style-default wp-duotone-unset-4\"><img decoding=\"async\" src=\"\/wp-content\/uploads\/2026\/01\/kabelplus.png\" alt=\"\" style=\"border-style:none;border-width:0px\"\/><\/figure>\n\n\n\n<figure class=\"wp-block-image size-large\"><img decoding=\"async\" src=\"\/wp-content\/uploads\/2026\/01\/wienenergie.png\" alt=\"\"\/><\/figure>\n<\/div>\n\n\n\n<p><\/p>\n","protected":false},"excerpt":{"rendered":"<p>Initiative HEALIX unterst\u00fctzt das Ziel, behandlungsrelevante Gesundheitsinformationen zeit- und ortsunabh\u00e4ngig bereitzustellen. Vision Datenaustausch zwischen den einzelnen Gesundheitsdiensteanbietern (GDA), \u00fcber Bundesl\u00e4ndergrenzen [&hellip;]<\/p>\n","protected":false},"author":1,"featured_media":0,"parent":0,"menu_order":0,"comment_status":"closed","ping_status":"closed","template":"","meta":{"site-sidebar-layout":"no-sidebar","site-content-layout":"plain-container","ast-site-content-layout":"default","site-content-style":"default","site-sidebar-style":"default","ast-global-header-display":"","ast-banner-title-visibility":"","ast-main-header-display":"","ast-hfb-above-header-display":"","ast-hfb-below-header-display":"","ast-hfb-mobile-header-display":"","site-post-title":"disabled","ast-breadcrumbs-content":"","ast-featured-img":"","footer-sml-layout":"","theme-transparent-header-meta":"enabled","adv-header-id-meta":"","stick-header-meta":"","header-above-stick-meta":"","header-main-stick-meta":"","header-below-stick-meta":"","astra-migrate-meta-layouts":"default","ast-page-background-enabled":"default","ast-page-background-meta":{"desktop":{"background-color":"var(--ast-global-color-5)","background-image":"","background-repeat":"repeat","background-position":"center center","background-size":"auto","background-attachment":"scroll","background-type":"","background-media":"","overlay-type":"","overlay-color":"","overlay-opacity":"","overlay-gradient":""},"tablet":{"background-color":"","background-image":"","background-repeat":"repeat","background-position":"center center","background-size":"auto","background-attachment":"scroll","background-type":"","background-media":"","overlay-type":"","overlay-color":"","overlay-opacity":"","overlay-gradient":""},"mobile":{"background-color":"","background-image":"","background-repeat":"repeat","background-position":"center center","background-size":"auto","background-attachment":"scroll","background-type":"","background-media":"","overlay-type":"","overlay-color":"","overlay-opacity":"","overlay-gradient":""}},"ast-content-background-meta":{"desktop":{"background-color":"var(--ast-global-color-4)","background-image":"","background-repeat":"repeat","background-position":"center center","background-size":"auto","background-attachment":"scroll","background-type":"","background-media":"","overlay-type":"","overlay-color":"","overlay-opacity":"","overlay-gradient":""},"tablet":{"background-color":"var(--ast-global-color-4)","background-image":"","background-repeat":"repeat","background-position":"center center","background-size":"auto","background-attachment":"scroll","background-type":"","background-media":"","overlay-type":"","overlay-color":"","overlay-opacity":"","overlay-gradient":""},"mobile":{"background-color":"var(--ast-global-color-4)","background-image":"","background-repeat":"repeat","background-position":"center center","background-size":"auto","background-attachment":"scroll","background-type":"","background-media":"","overlay-type":"","overlay-color":"","overlay-opacity":"","overlay-gradient":""}},"footnotes":""},"class_list":["post-6","page","type-page","status-publish","hentry"],"_links":{"self":[{"href":"https:\/\/healix.at\/index.php?rest_route=\/wp\/v2\/pages\/6","targetHints":{"allow":["GET"]}}],"collection":[{"href":"https:\/\/healix.at\/index.php?rest_route=\/wp\/v2\/pages"}],"about":[{"href":"https:\/\/healix.at\/index.php?rest_route=\/wp\/v2\/types\/page"}],"author":[{"embeddable":true,"href":"https:\/\/healix.at\/index.php?rest_route=\/wp\/v2\/users\/1"}],"replies":[{"embeddable":true,"href":"https:\/\/healix.at\/index.php?rest_route=%2Fwp%2Fv2%2Fcomments&post=6"}],"version-history":[{"count":49,"href":"https:\/\/healix.at\/index.php?rest_route=\/wp\/v2\/pages\/6\/revisions"}],"predecessor-version":[{"id":634,"href":"https:\/\/healix.at\/index.php?rest_route=\/wp\/v2\/pages\/6\/revisions\/634"}],"wp:attachment":[{"href":"https:\/\/healix.at\/index.php?rest_route=%2Fwp%2Fv2%2Fmedia&parent=6"}],"curies":[{"name":"wp","href":"https:\/\/api.w.org\/{rel}","templated":true}]}}