{"id":134,"date":"2026-01-25T22:45:05","date_gmt":"2026-01-25T22:45:05","guid":{"rendered":"http:\/\/localhost:9000\/?page_id=134"},"modified":"2026-04-09T11:39:01","modified_gmt":"2026-04-09T11:39:01","slug":"healix-downloads","status":"publish","type":"page","link":"https:\/\/healix.at\/?page_id=134","title":{"rendered":"HEALIX Downloads"},"content":{"rendered":"\n<h2 class=\"wp-block-heading has-ast-global-color-2-color has-text-color has-link-color has-x-large-font-size wp-elements-e53af7f4a342aa74f8f2408ac3f386fb\" style=\"margin-top:2rem;margin-bottom:var(--wp--preset--spacing--50)\">Downloads<\/h2>\n\n\n\n<div class=\"wp-block-group is-layout-grid wp-container-core-group-is-layout-fb136d21 wp-block-group-is-layout-grid\" style=\"padding-top:0;padding-right:0;padding-left:0\">\n<p class=\"has-ast-global-color-5-background-color has-background wp-container-content-5e2576f9\" style=\"border-radius:10px\"><strong>HEALIX Bestimmungen<\/strong><br><img decoding=\"async\" src=\"https:\/\/healix.at\/images\/public\/icon_downl1.gif\" alt=\"\"><a href=\"\/wp-content\/uploads\/2026\/03\/HEALIX_Nutzungsbestimmungen_v31.pdf\" target=\"_blank\" rel=\"noreferrer noopener\">\u00a0HEALIX Nutzungsbestimmungen<\/a><br><img decoding=\"async\" src=\"https:\/\/healix.at\/images\/public\/icon_downl1.gif\" alt=\"\"><a href=\"\/wp-content\/uploads\/2026\/03\/HEALIX_Informationssicherheitsbestimmungen_v30.pdf\" target=\"_blank\" rel=\"noreferrer noopener\">\u00a0HEALIX Informationssicherheitsbestimmungen<\/a><\/p>\n\n\n\n<p class=\"has-ast-global-color-5-background-color has-background wp-container-content-5e2576f9\" style=\"border-radius:10px\"><strong>HEALIX Formbl\u00e4tter<\/strong><br><img decoding=\"async\" src=\"https:\/\/healix.at\/images\/public\/icon_downl1.gif\" alt=\"\"><a href=\"\/wp-content\/uploads\/2026\/03\/HEALIXForm_Nutzungserklaerung_TeilnehmerKooperationspartner_v30.pdf\" target=\"_blank\" rel=\"noreferrer noopener\">\u00a0HEALIX Nutzungserkl\u00e4rung Teilnehmer und Kooperationspartner<\/a><br><img decoding=\"async\" src=\"https:\/\/healix.at\/images\/public\/icon_downl1.gif\" alt=\"\"><a href=\"\/wp-content\/uploads\/2026\/03\/HEALIXForm_Aenderung_Nutzungserklaerung_TeilnehmerKooperationspartner_v30.pdf\" target=\"_blank\" rel=\"noreferrer noopener\">\u00a0HEALIX \u00c4nderung der Daten der Nutzungserkl\u00e4rung Teilnehmer und Kooperationspartner<\/a><br><img decoding=\"async\" src=\"https:\/\/healix.at\/images\/public\/icon_downl1.gif\" alt=\"\"><a href=\"\/wp-content\/uploads\/2026\/03\/HEALIXForm_Nutzungsende_TeilnehmerKooperationspartner_v30.pdf\" target=\"_blank\" rel=\"noreferrer noopener\">\u00a0HEALIX Erkl\u00e4rung zum Nutzungsende Teilnehmer und Kooperationspartner<\/a><br><img decoding=\"async\" src=\"https:\/\/healix.at\/images\/public\/icon_downl1.gif\" alt=\"\"><a href=\"\/wp-content\/uploads\/2026\/03\/HEALIXForm_Ergaenzungsblatt_GDA_v30.pdf\" target=\"_blank\" rel=\"noreferrer noopener\">\u00a0HEALIX Erg\u00e4nzungsblatt f\u00fcr neuen GDA eines IKT Dienstleisters<\/a><\/p>\n\n\n\n<p class=\"has-ast-global-color-5-background-color has-background\" style=\"border-radius:10px\"><strong>HEALIX Anmeldung<\/strong><br><img decoding=\"async\" src=\"https:\/\/healix.at\/images\/public\/icon_downl1.gif\" alt=\"\"><a href=\"\/wp-content\/uploads\/2026\/03\/HEALIXForm_Nutzungserklaerung_TeilnehmerKooperationspartner_v30.pdf\" target=\"_blank\" rel=\"noreferrer noopener\">\u00a0HEALIX Nutzungserkl\u00e4rung Teilnehmer und Kooperationspartner<\/a><br>GDA Rollendefinition in der\u00a0<a href=\"https:\/\/www.ris.bka.gv.at\/GeltendeFassung.wxe?Abfrage=Bundesnormen&amp;Gesetzesnummer=20008732\" target=\"_blank\" rel=\"noreferrer noopener\">GTelV 2013<\/a>\u00a0&#8211; siehe Anlage 1: Rollen<a href=\"https:\/\/healix.at\/files\/healix\/downloads\/HEALIX%20Beilage%201%20Einzelvertrag_GDA_V9.1.pdf\" target=\"_blank\" rel=\"noreferrer noopener\"><\/a><br><img decoding=\"async\" src=\"https:\/\/healix.at\/images\/public\/icon_downl1.gif\" alt=\"\"><a href=\"\/wp-content\/uploads\/2026\/03\/HEALIXBeilage1Einzelvertrag_GDA_V9.13.pdf\" target=\"_blank\" rel=\"noreferrer noopener\">\u00a0Anmeldung HEALIX Anbindung (Beilage1 Einzelvertrag)<\/a><br><img decoding=\"async\" src=\"https:\/\/healix.at\/images\/public\/icon_downl1.gif\" alt=\"\"><a href=\"https:\/\/www.drei.at\/media\/common\/info\/agb\/agb-business-drei.pdf\" target=\"_blank\" rel=\"noreferrer noopener\">\u00a0AGB der Hutchison Drei Austria GmbH<\/a><\/p>\n\n\n\n<p><\/p>\n<\/div>\n\n\n\n<figure class=\"wp-block-image aligncenter size-large\" style=\"margin-top:var(--wp--preset--spacing--60);margin-bottom:var(--wp--preset--spacing--80)\"><img decoding=\"async\" src=\"\/wp-content\/uploads\/2026\/01\/HEALIX_Logoleiste2-1024x55.jpg\" alt=\"\"\/><\/figure>\n\n\n\n<div class=\"wp-block-group alignfull has-ast-global-color-5-background-color has-background is-layout-grid wp-container-core-group-is-layout-988b637e wp-block-group-is-layout-grid\">\n<ul class=\"wp-block-list wp-container-content-2155ee95\">\n<li><strong>Die HEALIX Vision<\/strong>\n<ul class=\"wp-block-list\">\n<li>\u00d6sterreichweit werden zum Wohle des Patienten behandlungsrelevante Gesundheitsinformationen Orts- und zeitunabh\u00e4ngig bereitgestellt.<\/li>\n\n\n\n<li>Datenaustausch zwischen Gesundheitsdiensteanbietern (GDA) \u00fcber Bundesl\u00e4ndergrenzen hinweg<\/li>\n<\/ul>\n<\/li>\n<\/ul>\n\n\n\n<ul class=\"wp-block-list\">\n<li><strong>Die HEALIX Initiative<\/strong>\n<ul class=\"wp-block-list\">\n<li>Datenaustausch zwischen allen teilnehmenden Gesundheitsdiensteanbietern (GDA)<\/li>\n\n\n\n<li>Erweiterung des Datenaustausches zu den Einrichtungen des Sozialwesens<\/li>\n\n\n\n<li>Datenaustausch \u00fcber Bundesl\u00e4ndergrenzen hinweg bzw. in die Europ\u00e4ische Union<\/li>\n\n\n\n<li>Zugang zu ELGA<\/li>\n<\/ul>\n<\/li>\n<\/ul>\n\n\n\n<ul class=\"wp-block-list\">\n<li><strong>Der HEALIX Nutzen<\/strong>\n<ul class=\"wp-block-list\">\n<li>\u00dcbertragung gro\u00dfer Datenmengen (Bilddaten, etc.) in Echtzeit von einem GDA zum anderen<\/li>\n\n\n\n<li>Bei akuten Erkrankungen k\u00f6nnen schnelle Entscheidungen f\u00fcr die weitere Behandlung des Patienten gef\u00e4llt werden<\/li>\n\n\n\n<li>Verk\u00fcrzung von Wartezeiten<\/li>\n\n\n\n<li>Vermeidung von Mehrfachuntersuchungen<\/li>\n<\/ul>\n<\/li>\n<\/ul>\n<\/div>\n\n\n\n<p><\/p>\n","protected":false},"excerpt":{"rendered":"<p>Downloads HEALIX Bestimmungen\u00a0HEALIX Nutzungsbestimmungen\u00a0HEALIX Informationssicherheitsbestimmungen HEALIX Formbl\u00e4tter\u00a0HEALIX Nutzungserkl\u00e4rung Teilnehmer und Kooperationspartner\u00a0HEALIX \u00c4nderung der Daten der Nutzungserkl\u00e4rung Teilnehmer und Kooperationspartner\u00a0HEALIX Erkl\u00e4rung [&hellip;]<\/p>\n","protected":false},"author":1,"featured_media":0,"parent":0,"menu_order":0,"comment_status":"closed","ping_status":"closed","template":"","meta":{"site-sidebar-layout":"default","site-content-layout":"","ast-site-content-layout":"default","site-content-style":"default","site-sidebar-style":"default","ast-global-header-display":"","ast-banner-title-visibility":"","ast-main-header-display":"","ast-hfb-above-header-display":"","ast-hfb-below-header-display":"","ast-hfb-mobile-header-display":"","site-post-title":"disabled","ast-breadcrumbs-content":"","ast-featured-img":"","footer-sml-layout":"","theme-transparent-header-meta":"","adv-header-id-meta":"","stick-header-meta":"","header-above-stick-meta":"","header-main-stick-meta":"","header-below-stick-meta":"","astra-migrate-meta-layouts":"default","ast-page-background-enabled":"default","ast-page-background-meta":{"desktop":{"background-color":"var(--ast-global-color-5)","background-image":"","background-repeat":"repeat","background-position":"center center","background-size":"auto","background-attachment":"scroll","background-type":"","background-media":"","overlay-type":"","overlay-color":"","overlay-opacity":"","overlay-gradient":""},"tablet":{"background-color":"","background-image":"","background-repeat":"repeat","background-position":"center center","background-size":"auto","background-attachment":"scroll","background-type":"","background-media":"","overlay-type":"","overlay-color":"","overlay-opacity":"","overlay-gradient":""},"mobile":{"background-color":"","background-image":"","background-repeat":"repeat","background-position":"center center","background-size":"auto","background-attachment":"scroll","background-type":"","background-media":"","overlay-type":"","overlay-color":"","overlay-opacity":"","overlay-gradient":""}},"ast-content-background-meta":{"desktop":{"background-color":"var(--ast-global-color-4)","background-image":"","background-repeat":"repeat","background-position":"center center","background-size":"auto","background-attachment":"scroll","background-type":"","background-media":"","overlay-type":"","overlay-color":"","overlay-opacity":"","overlay-gradient":""},"tablet":{"background-color":"var(--ast-global-color-4)","background-image":"","background-repeat":"repeat","background-position":"center center","background-size":"auto","background-attachment":"scroll","background-type":"","background-media":"","overlay-type":"","overlay-color":"","overlay-opacity":"","overlay-gradient":""},"mobile":{"background-color":"var(--ast-global-color-4)","background-image":"","background-repeat":"repeat","background-position":"center center","background-size":"auto","background-attachment":"scroll","background-type":"","background-media":"","overlay-type":"","overlay-color":"","overlay-opacity":"","overlay-gradient":""}},"footnotes":""},"class_list":["post-134","page","type-page","status-publish","hentry"],"_links":{"self":[{"href":"https:\/\/healix.at\/index.php?rest_route=\/wp\/v2\/pages\/134","targetHints":{"allow":["GET"]}}],"collection":[{"href":"https:\/\/healix.at\/index.php?rest_route=\/wp\/v2\/pages"}],"about":[{"href":"https:\/\/healix.at\/index.php?rest_route=\/wp\/v2\/types\/page"}],"author":[{"embeddable":true,"href":"https:\/\/healix.at\/index.php?rest_route=\/wp\/v2\/users\/1"}],"replies":[{"embeddable":true,"href":"https:\/\/healix.at\/index.php?rest_route=%2Fwp%2Fv2%2Fcomments&post=134"}],"version-history":[{"count":24,"href":"https:\/\/healix.at\/index.php?rest_route=\/wp\/v2\/pages\/134\/revisions"}],"predecessor-version":[{"id":627,"href":"https:\/\/healix.at\/index.php?rest_route=\/wp\/v2\/pages\/134\/revisions\/627"}],"wp:attachment":[{"href":"https:\/\/healix.at\/index.php?rest_route=%2Fwp%2Fv2%2Fmedia&parent=134"}],"curies":[{"name":"wp","href":"https:\/\/api.w.org\/{rel}","templated":true}]}}