{"id":125,"date":"2026-01-25T22:41:33","date_gmt":"2026-01-25T22:41:33","guid":{"rendered":"http:\/\/localhost:9000\/?page_id=125"},"modified":"2026-03-25T11:14:56","modified_gmt":"2026-03-25T11:14:56","slug":"impressum","status":"publish","type":"page","link":"https:\/\/healix.at\/?page_id=125","title":{"rendered":"Impressum"},"content":{"rendered":"\n<h1 class=\"wp-block-heading has-x-large-font-size\" style=\"margin-top:var(--wp--preset--spacing--60);margin-right:var(--wp--preset--spacing--30)\">Impressum<\/h1>\n\n\n\n<p>Impressum und Offenlegung gem\u00e4\u00df \u00a7 5 ECG, \u00a7 14 UGB und \u00a7\u00a7 24 und 25 MedienG<\/p>\n\n\n\n<p><strong>Hutchison Drei Austria GmbH<\/strong><br>Br\u00fcnner Stra\u00dfe 52<br>1210 Wien<\/p>\n\n\n\n<p>Telefon &#8211; Rezeption: +43 50 660<br>Telefon &#8211; Kundenservice: +43 (0)660 30 36 30 (kostenlos von Drei Mobilfunknummern)Firmenbuchnummer FN 140132b<br>Firmenbuchgericht: Handelsgericht Wien<br>Firmensitz: Wien<br>UID-Nr.: ATU 41029105<br>Privacy Policy: www.drei.at\/datenschutz<\/p>\n\n\n\n<p>Kontakt: <a href=\"mailto:healix@drei.com\" data-type=\"mailto\" data-id=\"mailto:healix@drei.com\">HEALIX AT drei.com<\/a><\/p>\n\n\n\n<p><strong>Kammerzugeh\u00f6rigkeit<\/strong><br>Wirtschaftskammer \u00d6sterreich, Fachgruppe Telekommunikations- und Rundfunkunternehmungen<\/p>\n\n\n\n<p><strong>Aufsichtsbeh\u00f6rden<\/strong><br>Telekom Control Kommission (TKK): Aufgaben der Regulierung des Telekommunikationsmarktes in den im TKG aufgez\u00e4hlten zugewiesenen F\u00e4llen.<br>Rundfunk und Telekom Regulierungs-GmbH (RTR): Aufgaben der Regulierung des Telekommunikationsmarktes, soweit diese nicht der TKK zugewiesen sind.<br>Zugleich Gesch\u00e4ftsstelle der TKK.<br>Zust\u00e4ndig f\u00fcr Schlichtungsverfahren zwischen Betreibern von Kommunikationsdiensten nach \u00a7 122 Abs. 1 Z 1, TKG 2003 und dem AStG. Teilnehmer haben ein Jahr ab Beschwerdeerhebung Zeit, bei der Schlichtungsstelle einen Antrag zu stellen. Ein Schlichtungsverfahren ist nur dann m\u00f6glich, wenn eine Beschwerde im Zusammenhang mit einem Telekommunikationsdienst steht.<br>Hinweis: Bei Beanstandungen der Rechnung empfehlen wir innerhalb von drei Monaten nach Erhalt der Rechnung einen schriftlichen Einspruch zu erheben, da wir nach Ablauf dieser Frist gesetzlich zur L\u00f6schung der Verkehrsdaten verpflichtet sind. N\u00e4heres unter www.rtr.at\/schlichtungsstelle<br>Adresse TKK und RTR:<br>Mariahilferstra\u00dfe 77-79, A-1060 Wien<\/p>\n\n\n\n<p><strong>Grundlegende Richtung der Website<\/strong><br>Information \u00fcber eigene Produkte und Dienstleistungen sowie das eigene Unternehmen.<\/p>\n\n\n\n<p><strong>Medieninhaber<\/strong><br>Hutchison Drei Austria GmbH, Br\u00fcnner Stra\u00dfe 52, 1210 Wien, \u00d6sterreich, Firmenbuch FN 140132b, UID ATU 41029105<\/p>\n\n\n\n<p><strong>Unternehmensgegenstand<\/strong><br>Erbringung von Dienstleistungen auf dem Gebiet der mobilen und multimedialen Telekommunikation, der Betrieb, die \u00dcbernahmen und Vermittlung aller mit diesem Gesellschaftszweck in Verbindung stehenden Gesch\u00e4ften sowie die Beteiligung an gleichartigen Unternehmungen.<\/p>\n\n\n\n<p><strong>Vertretungsbefugte Personen<\/strong><br>Rudolf Schrefl, Bianca Pfaller, Canning Fok, Dennis Lui, Edith Shih, Asim Ghosh<\/p>\n\n\n\n<p><strong>Mitglieder des Aufsichtsrates<\/strong><br>Christian Salbaing, Frank Sixt, James Girgulis, Donald Roberts, Jonathan Miller, Ernst Kreuter, Karina Supanz, Christof Antoni-Tuckova<\/p>\n\n\n\n<p><strong>Gesellschafter<\/strong><br>Hutchison Drei Austria Holdings GmbH (100%)<\/p>\n\n\n\n<p><strong>Kontaktstelle f\u00fcr Entfernungsanordnung<\/strong><br>Kontaktstelle f\u00fcr Entfernungsanordnung im Sinne der TCO-Verordnung (EU-Verordnung 2021\/784 zur Bek\u00e4mpfung der Verbreitung terroristischer Online-Inhalte): <a href=\"mailto:entfernungsanordnung@drei.com\">entfernungsanordnung AT drei.com<\/a>.<br>Um eine schnelle Bearbeitung einhalten zu k\u00f6nnen, ist im Betreff das Anf\u00fchren von \u201eEntfernungsanordnung\u201c zwingend erforderlich. Wir nehmen Entfernungsanordnungen in Deutsch und Englisch entgegen.<\/p>\n\n\n\n<p><strong>Zentrale Kontaktstelle nach dem Gesetz \u00fcber digitale Dienste (DSA)<\/strong><br>Zentrale Kontaktstelle im Sinne der Artikel 11 und 12 des Gesetzes \u00fcber digitale Dienste (EU-Verordnung 2022\/2065 vom 19. Oktober 2022 \u00fcber einen Binnenmarkt f\u00fcr digitale Dienste und zur \u00c4nderung der Richtlinie 2000\/31\/EG) f\u00fcr Beh\u00f6rden der EU-Mitgliedstaaten, die Europ\u00e4ische Kommission und Nutzer sowie Nutzerinnen: <a href=\"mailto:kontaktstelledsa@drei.com\">kontaktstelledsa AT drei.com<\/a>.<br>Wir nehmen Anordnungen und Nachrichten in Deutsch und Englisch entgegen.<\/p>\n\n\n\n<p><\/p>\n","protected":false},"excerpt":{"rendered":"<p>Impressum Impressum und Offenlegung gem\u00e4\u00df \u00a7 5 ECG, \u00a7 14 UGB und \u00a7\u00a7 24 und 25 MedienG Hutchison Drei Austria [&hellip;]<\/p>\n","protected":false},"author":1,"featured_media":0,"parent":0,"menu_order":0,"comment_status":"closed","ping_status":"closed","template":"","meta":{"site-sidebar-layout":"default","site-content-layout":"","ast-site-content-layout":"default","site-content-style":"default","site-sidebar-style":"default","ast-global-header-display":"","ast-banner-title-visibility":"","ast-main-header-display":"","ast-hfb-above-header-display":"","ast-hfb-below-header-display":"","ast-hfb-mobile-header-display":"","site-post-title":"disabled","ast-breadcrumbs-content":"","ast-featured-img":"","footer-sml-layout":"","theme-transparent-header-meta":"","adv-header-id-meta":"","stick-header-meta":"","header-above-stick-meta":"","header-main-stick-meta":"","header-below-stick-meta":"","astra-migrate-meta-layouts":"default","ast-page-background-enabled":"default","ast-page-background-meta":{"desktop":{"background-color":"var(--ast-global-color-5)","background-image":"","background-repeat":"repeat","background-position":"center center","background-size":"auto","background-attachment":"scroll","background-type":"","background-media":"","overlay-type":"","overlay-color":"","overlay-opacity":"","overlay-gradient":""},"tablet":{"background-color":"","background-image":"","background-repeat":"repeat","background-position":"center center","background-size":"auto","background-attachment":"scroll","background-type":"","background-media":"","overlay-type":"","overlay-color":"","overlay-opacity":"","overlay-gradient":""},"mobile":{"background-color":"","background-image":"","background-repeat":"repeat","background-position":"center center","background-size":"auto","background-attachment":"scroll","background-type":"","background-media":"","overlay-type":"","overlay-color":"","overlay-opacity":"","overlay-gradient":""}},"ast-content-background-meta":{"desktop":{"background-color":"var(--ast-global-color-4)","background-image":"","background-repeat":"repeat","background-position":"center center","background-size":"auto","background-attachment":"scroll","background-type":"","background-media":"","overlay-type":"","overlay-color":"","overlay-opacity":"","overlay-gradient":""},"tablet":{"background-color":"var(--ast-global-color-4)","background-image":"","background-repeat":"repeat","background-position":"center center","background-size":"auto","background-attachment":"scroll","background-type":"","background-media":"","overlay-type":"","overlay-color":"","overlay-opacity":"","overlay-gradient":""},"mobile":{"background-color":"var(--ast-global-color-4)","background-image":"","background-repeat":"repeat","background-position":"center center","background-size":"auto","background-attachment":"scroll","background-type":"","background-media":"","overlay-type":"","overlay-color":"","overlay-opacity":"","overlay-gradient":""}},"footnotes":""},"class_list":["post-125","page","type-page","status-publish","hentry"],"_links":{"self":[{"href":"https:\/\/healix.at\/index.php?rest_route=\/wp\/v2\/pages\/125","targetHints":{"allow":["GET"]}}],"collection":[{"href":"https:\/\/healix.at\/index.php?rest_route=\/wp\/v2\/pages"}],"about":[{"href":"https:\/\/healix.at\/index.php?rest_route=\/wp\/v2\/types\/page"}],"author":[{"embeddable":true,"href":"https:\/\/healix.at\/index.php?rest_route=\/wp\/v2\/users\/1"}],"replies":[{"embeddable":true,"href":"https:\/\/healix.at\/index.php?rest_route=%2Fwp%2Fv2%2Fcomments&post=125"}],"version-history":[{"count":9,"href":"https:\/\/healix.at\/index.php?rest_route=\/wp\/v2\/pages\/125\/revisions"}],"predecessor-version":[{"id":603,"href":"https:\/\/healix.at\/index.php?rest_route=\/wp\/v2\/pages\/125\/revisions\/603"}],"wp:attachment":[{"href":"https:\/\/healix.at\/index.php?rest_route=%2Fwp%2Fv2%2Fmedia&parent=125"}],"curies":[{"name":"wp","href":"https:\/\/api.w.org\/{rel}","templated":true}]}}