{"id":123,"date":"2026-01-25T22:41:07","date_gmt":"2026-01-25T22:41:07","guid":{"rendered":"http:\/\/localhost:9000\/?page_id=123"},"modified":"2026-04-09T13:24:40","modified_gmt":"2026-04-09T13:24:40","slug":"pressebilder","status":"publish","type":"page","link":"https:\/\/healix.at\/?page_id=123","title":{"rendered":"Pressebilder"},"content":{"rendered":"\n<h1 class=\"wp-block-heading has-x-large-font-size\" style=\"margin-top:10px;margin-bottom:0;padding-top:var(--wp--preset--spacing--60);padding-bottom:0\">Pressebilder<\/h1>\n\n\n\n<p style=\"margin-top:var(--wp--preset--spacing--50);margin-bottom:0;padding-top:0;padding-bottom:0\"><strong>HEALIX Informationsmaterial:<\/strong><\/p>\n\n\n\n<div class=\"wp-block-group has-ast-global-color-5-background-color has-background is-layout-grid wp-container-core-group-is-layout-37af8013 wp-block-group-is-layout-grid\" style=\"border-radius:10px;padding-top:var(--wp--preset--spacing--30);padding-right:var(--wp--preset--spacing--30);padding-bottom:var(--wp--preset--spacing--30);padding-left:var(--wp--preset--spacing--30)\">\n<div class=\"wp-block-columns wp-container-content-2155ee95 is-layout-flex wp-container-core-columns-is-layout-28f84493 wp-block-columns-is-layout-flex\">\n<div class=\"wp-block-column has-ast-global-color-4-background-color has-background is-layout-flow wp-block-column-is-layout-flow\" style=\"border-radius:10px;padding-top:var(--wp--preset--spacing--30);padding-right:var(--wp--preset--spacing--30);padding-bottom:var(--wp--preset--spacing--30);padding-left:var(--wp--preset--spacing--30);flex-basis:100%\">\n<div class=\"wp-block-columns alignfull is-layout-flex wp-container-core-columns-is-layout-28f84493 wp-block-columns-is-layout-flex\">\n<div class=\"wp-block-column has-ast-global-color-4-background-color has-background is-layout-flow wp-block-column-is-layout-flow\" style=\"border-radius:10px;flex-basis:100%\">\n<figure class=\"wp-block-image aligncenter size-large has-custom-border wp-container-content-69bc4bdf wp-duotone-unset-1\" style=\"margin-top:var(--wp--preset--spacing--50);margin-right:var(--wp--preset--spacing--50);margin-bottom:var(--wp--preset--spacing--50);margin-left:var(--wp--preset--spacing--50)\"><img decoding=\"async\" src=\"\/wp-content\/uploads\/2026\/04\/HealixLogo.jpg\" alt=\"\" style=\"border-radius:10px\"\/><\/figure>\n\n\n\n<p class=\"has-text-align-center\"><strong>HEALIX Logo<\/strong><\/p>\n<\/div>\n<\/div>\n<\/div>\n<\/div>\n\n\n\n<div class=\"wp-block-columns is-layout-flex wp-container-core-columns-is-layout-28f84493 wp-block-columns-is-layout-flex\">\n<div class=\"wp-block-column has-ast-global-color-4-background-color has-background is-layout-flow wp-block-column-is-layout-flow\" style=\"border-radius:10px;padding-top:var(--wp--preset--spacing--30);padding-right:var(--wp--preset--spacing--30);padding-bottom:var(--wp--preset--spacing--30);padding-left:var(--wp--preset--spacing--30);flex-basis:100%\">\n<figure class=\"wp-block-image aligncenter size-large\"><img decoding=\"async\" src=\"\/wp-content\/uploads\/2026\/04\/Innovationspreis-1.jpg\" alt=\"\"\/><\/figure>\n\n\n\n<p class=\"has-text-align-center\"><strong>HEALIX &#8211; Gewinner<br>des Innovationspreises<\/strong><\/p>\n<\/div>\n<\/div>\n\n\n\n<div class=\"wp-block-columns is-layout-flex wp-container-core-columns-is-layout-28f84493 wp-block-columns-is-layout-flex\">\n<div class=\"wp-block-column has-ast-global-color-4-background-color has-background is-layout-flow wp-block-column-is-layout-flow\" style=\"border-radius:10px;padding-top:var(--wp--preset--spacing--30);padding-right:var(--wp--preset--spacing--30);padding-bottom:var(--wp--preset--spacing--30);padding-left:var(--wp--preset--spacing--30);flex-basis:100%\">\n<figure class=\"wp-block-image aligncenter size-large\"><img decoding=\"async\" src=\"\/wp-content\/uploads\/2026\/04\/HEALIX_Knoten2212.jpg\" alt=\"\"\/><\/figure>\n\n\n\n<p class=\"has-text-align-center\">&nbsp;<strong>Der HEALIX \u00d6sterreich Backbone<br>Stand Dez. 2022<br>schraffiert: in Ausbau<\/strong><\/p>\n<\/div>\n<\/div>\n<\/div>\n\n\n\n<p style=\"margin-top:var(--wp--preset--spacing--60);margin-bottom:0\"><strong>&nbsp;HEALIX ist gerade f\u00fcr den raschen Versand gro\u00dfer MR- oder R\u00f6ntgenbilder bestens geeignet.<\/strong><\/p>\n\n\n\n<div class=\"wp-block-group has-ast-global-color-5-background-color has-background is-layout-grid wp-container-core-group-is-layout-37af8013 wp-block-group-is-layout-grid\" style=\"border-radius:10px;padding-top:var(--wp--preset--spacing--30);padding-right:var(--wp--preset--spacing--30);padding-bottom:var(--wp--preset--spacing--30);padding-left:var(--wp--preset--spacing--30)\">\n<div class=\"wp-block-columns wp-container-content-2155ee95 is-layout-flex wp-container-core-columns-is-layout-28f84493 wp-block-columns-is-layout-flex\">\n<div class=\"wp-block-column has-ast-global-color-4-background-color has-background is-layout-flow wp-block-column-is-layout-flow\" style=\"border-radius:10px;padding-top:var(--wp--preset--spacing--30);padding-right:var(--wp--preset--spacing--30);padding-bottom:var(--wp--preset--spacing--30);padding-left:var(--wp--preset--spacing--30);flex-basis:100%\">\n<div class=\"wp-block-columns alignfull is-layout-flex wp-container-core-columns-is-layout-28f84493 wp-block-columns-is-layout-flex\">\n<div class=\"wp-block-column is-layout-flow wp-block-column-is-layout-flow\">\n<figure class=\"wp-block-image aligncenter size-large is-resized\"><img decoding=\"async\" src=\"\/wp-content\/uploads\/2026\/04\/IMG_0255-1024x683.jpg\" alt=\"\" style=\"width:166px;height:auto\"\/><\/figure>\n\n\n\n<p class=\"has-text-align-center\"><strong>\u00a9 gespag<\/strong><\/p>\n<\/div>\n<\/div>\n<\/div>\n<\/div>\n\n\n\n<div class=\"wp-block-columns is-layout-flex wp-container-core-columns-is-layout-28f84493 wp-block-columns-is-layout-flex\">\n<div class=\"wp-block-column has-ast-global-color-4-background-color has-background is-layout-flow wp-block-column-is-layout-flow\" style=\"border-radius:10px;padding-top:var(--wp--preset--spacing--30);padding-right:var(--wp--preset--spacing--30);padding-bottom:var(--wp--preset--spacing--30);padding-left:var(--wp--preset--spacing--30);flex-basis:100%\">\n<figure class=\"wp-block-image aligncenter size-large is-resized\"><img decoding=\"async\" src=\"\/wp-content\/uploads\/2026\/04\/IMG_1905BEA-1024x683.jpg\" alt=\"\" style=\"aspect-ratio:1.4992749802267336;width:184px;height:auto\"\/><\/figure>\n\n\n\n<p class=\"has-text-align-center\"><strong>\u00a9 gespag<\/strong><\/p>\n<\/div>\n<\/div>\n\n\n\n<div class=\"wp-block-columns is-layout-flex wp-container-core-columns-is-layout-28f84493 wp-block-columns-is-layout-flex\">\n<div class=\"wp-block-column has-ast-global-color-4-background-color has-background is-layout-flow wp-block-column-is-layout-flow\" style=\"border-radius:10px;padding-top:var(--wp--preset--spacing--30);padding-right:var(--wp--preset--spacing--30);padding-bottom:var(--wp--preset--spacing--30);padding-left:var(--wp--preset--spacing--30);flex-basis:100%\">\n<figure class=\"wp-block-image aligncenter size-large is-resized\"><img decoding=\"async\" src=\"\/wp-content\/uploads\/2026\/04\/IMG_2416-1024x683.jpg\" alt=\"\" style=\"aspect-ratio:1.4993078900533914;width:175px;height:auto\"\/><\/figure>\n\n\n\n<p class=\"has-text-align-center\"><strong>\u00a9 gespag<\/strong><\/p>\n<\/div>\n<\/div>\n<\/div>\n\n\n\n<p style=\"margin-top:var(--wp--preset--spacing--60);margin-bottom:0\"><strong>Teilnehmer der HEALIX Pressekonferenz vom 2. 12. 2009:<\/strong><\/p>\n\n\n\n<div class=\"wp-block-group is-layout-grid wp-container-core-group-is-layout-db0b809e wp-block-group-is-layout-grid\" style=\"padding-top:0;padding-right:0;padding-left:0\">\n<div class=\"wp-block-group has-ast-global-color-5-background-color has-background is-layout-constrained wp-container-core-group-is-layout-80fb368b wp-block-group-is-layout-constrained\" style=\"border-radius:10px;padding-top:var(--wp--preset--spacing--30);padding-right:var(--wp--preset--spacing--30);padding-bottom:var(--wp--preset--spacing--30);padding-left:var(--wp--preset--spacing--30)\">\n<figure class=\"wp-block-image size-large is-resized\"><img decoding=\"async\" src=\"\/wp-content\/uploads\/2026\/04\/Clemens-Martin-Auer-1.jpg\" alt=\"\" style=\"width:auto;height:140px\"\/><figcaption class=\"wp-element-caption\"><strong>SC Dr. Clemens Martin Auer<\/strong>,<br>Sektionsleiter im Bundesministerium f\u00fcr Gesundheit<\/figcaption><\/figure>\n<\/div>\n\n\n\n<div class=\"wp-block-group has-ast-global-color-5-background-color has-background is-layout-constrained wp-container-core-group-is-layout-80fb368b wp-block-group-is-layout-constrained\" style=\"border-radius:10px;padding-top:var(--wp--preset--spacing--30);padding-right:var(--wp--preset--spacing--30);padding-bottom:var(--wp--preset--spacing--30);padding-left:var(--wp--preset--spacing--30)\">\n<figure class=\"wp-block-image size-large is-resized wp-container-content-69bc4bdf\"><img decoding=\"async\" src=\"\/wp-content\/uploads\/2026\/04\/Bretbacher_Johannes-739x1024.jpg\" alt=\"\" style=\"width:auto;height:140px\"\/><figcaption class=\"wp-element-caption\"><strong>Johannes Bretbacher<\/strong>,<br>Sprecher HEALIX-Konsortium,<br>Leitung gespag GesundheitsInformatik<\/figcaption><\/figure>\n<\/div>\n\n\n\n<div class=\"wp-block-group has-ast-global-color-5-background-color has-background is-layout-constrained wp-container-core-group-is-layout-80fb368b wp-block-group-is-layout-constrained\" style=\"border-radius:10px;padding-top:var(--wp--preset--spacing--30);padding-right:var(--wp--preset--spacing--30);padding-bottom:var(--wp--preset--spacing--30);padding-left:var(--wp--preset--spacing--30)\">\n<figure class=\"wp-block-image size-large is-resized wp-container-content-83148919\"><img decoding=\"async\" src=\"\/wp-content\/uploads\/2026\/04\/Hoheiser_Franz-885x1024.jpg\" alt=\"\" style=\"width:auto;height:140px\"\/><figcaption class=\"wp-element-caption\">KONICA MINOLTA DIGITAL CAMERA<\/figcaption><\/figure>\n<\/div>\n\n\n\n<div class=\"wp-block-group has-ast-global-color-5-background-color has-background wp-container-content-e269605d is-layout-constrained wp-container-core-group-is-layout-a35945ca wp-block-group-is-layout-constrained\" style=\"border-radius:10px;padding-top:var(--wp--preset--spacing--30);padding-right:var(--wp--preset--spacing--30);padding-bottom:var(--wp--preset--spacing--30);padding-left:var(--wp--preset--spacing--30)\">\n<figure class=\"wp-block-image size-large is-resized wp-container-content-69bc4bdf\" style=\"margin-right:0;margin-left:0\"><img decoding=\"async\" src=\"\/wp-content\/uploads\/2026\/04\/Scheurecker_Anna.jpg\" alt=\"\" style=\"width:auto;height:140px\"\/><figcaption class=\"wp-element-caption\"><strong>Dr. Anna Scheurecker<\/strong>,<br>R\u00f6ntgen\/CT\/MRT-Institut am Schillerpark, Linz Vorsitzende der Fachvertretung O\u00d6 der privaten Krankenanstalten und Kurbetriebe<\/figcaption><\/figure>\n<\/div>\n<\/div>\n\n\n\n<p><\/p>\n","protected":false},"excerpt":{"rendered":"<p>Pressebilder HEALIX Informationsmaterial: HEALIX Logo HEALIX &#8211; Gewinnerdes Innovationspreises &nbsp;Der HEALIX \u00d6sterreich BackboneStand Dez. 2022schraffiert: in Ausbau &nbsp;HEALIX ist gerade [&hellip;]<\/p>\n","protected":false},"author":1,"featured_media":0,"parent":0,"menu_order":0,"comment_status":"closed","ping_status":"closed","template":"","meta":{"site-sidebar-layout":"default","site-content-layout":"","ast-site-content-layout":"default","site-content-style":"default","site-sidebar-style":"default","ast-global-header-display":"","ast-banner-title-visibility":"","ast-main-header-display":"","ast-hfb-above-header-display":"","ast-hfb-below-header-display":"","ast-hfb-mobile-header-display":"","site-post-title":"disabled","ast-breadcrumbs-content":"","ast-featured-img":"","footer-sml-layout":"","theme-transparent-header-meta":"","adv-header-id-meta":"","stick-header-meta":"","header-above-stick-meta":"","header-main-stick-meta":"","header-below-stick-meta":"","astra-migrate-meta-layouts":"default","ast-page-background-enabled":"default","ast-page-background-meta":{"desktop":{"background-color":"var(--ast-global-color-5)","background-image":"","background-repeat":"repeat","background-position":"center center","background-size":"auto","background-attachment":"scroll","background-type":"","background-media":"","overlay-type":"","overlay-color":"","overlay-opacity":"","overlay-gradient":""},"tablet":{"background-color":"","background-image":"","background-repeat":"repeat","background-position":"center center","background-size":"auto","background-attachment":"scroll","background-type":"","background-media":"","overlay-type":"","overlay-color":"","overlay-opacity":"","overlay-gradient":""},"mobile":{"background-color":"","background-image":"","background-repeat":"repeat","background-position":"center center","background-size":"auto","background-attachment":"scroll","background-type":"","background-media":"","overlay-type":"","overlay-color":"","overlay-opacity":"","overlay-gradient":""}},"ast-content-background-meta":{"desktop":{"background-color":"var(--ast-global-color-4)","background-image":"","background-repeat":"repeat","background-position":"center center","background-size":"auto","background-attachment":"scroll","background-type":"","background-media":"","overlay-type":"","overlay-color":"","overlay-opacity":"","overlay-gradient":""},"tablet":{"background-color":"var(--ast-global-color-4)","background-image":"","background-repeat":"repeat","background-position":"center center","background-size":"auto","background-attachment":"scroll","background-type":"","background-media":"","overlay-type":"","overlay-color":"","overlay-opacity":"","overlay-gradient":""},"mobile":{"background-color":"var(--ast-global-color-4)","background-image":"","background-repeat":"repeat","background-position":"center center","background-size":"auto","background-attachment":"scroll","background-type":"","background-media":"","overlay-type":"","overlay-color":"","overlay-opacity":"","overlay-gradient":""}},"footnotes":""},"class_list":["post-123","page","type-page","status-publish","hentry"],"_links":{"self":[{"href":"https:\/\/healix.at\/index.php?rest_route=\/wp\/v2\/pages\/123","targetHints":{"allow":["GET"]}}],"collection":[{"href":"https:\/\/healix.at\/index.php?rest_route=\/wp\/v2\/pages"}],"about":[{"href":"https:\/\/healix.at\/index.php?rest_route=\/wp\/v2\/types\/page"}],"author":[{"embeddable":true,"href":"https:\/\/healix.at\/index.php?rest_route=\/wp\/v2\/users\/1"}],"replies":[{"embeddable":true,"href":"https:\/\/healix.at\/index.php?rest_route=%2Fwp%2Fv2%2Fcomments&post=123"}],"version-history":[{"count":38,"href":"https:\/\/healix.at\/index.php?rest_route=\/wp\/v2\/pages\/123\/revisions"}],"predecessor-version":[{"id":669,"href":"https:\/\/healix.at\/index.php?rest_route=\/wp\/v2\/pages\/123\/revisions\/669"}],"wp:attachment":[{"href":"https:\/\/healix.at\/index.php?rest_route=%2Fwp%2Fv2%2Fmedia&parent=123"}],"curies":[{"name":"wp","href":"https:\/\/api.w.org\/{rel}","templated":true}]}}