{"id":121,"date":"2026-01-25T22:40:44","date_gmt":"2026-01-25T22:40:44","guid":{"rendered":"http:\/\/localhost:9000\/?page_id=121"},"modified":"2026-02-10T13:23:58","modified_gmt":"2026-02-10T13:23:58","slug":"aktuelles","status":"publish","type":"page","link":"https:\/\/healix.at\/?page_id=121","title":{"rendered":"Aktuelles"},"content":{"rendered":"\n<div class=\"wp-block-group has-pale-ocean-gradient-background has-background is-vertical is-layout-flex wp-container-core-group-is-layout-d062f5d5 wp-block-group-is-layout-flex\" style=\"border-radius:10px;margin-top:var(--wp--preset--spacing--40);margin-bottom:var(--wp--preset--spacing--70)\">\n<h1 class=\"wp-block-heading\">Aktuelles<\/h1>\n\n\n\n<p>Die Seite \u201aPresse\u2018 richtet sich an Journalist:innen, Medien und die \u00d6ffentlichkeit und dient dazu, \u00fcber wichtige Ereignisse, Partnerschaften und Erfolge im Rahmen des HEALIX-Projekts zu informieren.<\/p>\n<\/div>\n\n\n\n<div class=\"wp-block-columns is-layout-flex wp-container-core-columns-is-layout-d1910055 wp-block-columns-is-layout-flex\" style=\"margin-bottom:var(--wp--preset--spacing--80);padding-top:0;padding-right:0;padding-bottom:0;padding-left:0\">\n<div class=\"wp-block-column has-ast-global-color-5-background-color has-background is-layout-flow wp-container-core-column-is-layout-d028d1b8 wp-block-column-is-layout-flow\" style=\"border-radius:10px;padding-top:var(--wp--preset--spacing--40);padding-right:var(--wp--preset--spacing--40);padding-bottom:var(--wp--preset--spacing--40);padding-left:var(--wp--preset--spacing--40)\">\n<figure class=\"wp-block-image size-large is-resized\"><img decoding=\"async\" src=\"https:\/\/healix.at\/images\/public\/presse\/Healix_Zertifikats%C3%BCbergabe_MARC.JPG\" alt=\"\" style=\"object-fit:cover;width:556px;height:auto\"\/><figcaption class=\"wp-element-caption\"><strong>27.06.2023<\/strong> &#8211; <strong>Drei schlie\u00dft Steiermark an \u00d6sterreichs Gesundheits-Datennetz HEALIX an<\/strong><\/figcaption><\/figure>\n\n\n\n<h4 class=\"wp-block-heading\">Wien (OTS)<\/h4>\n\n\n\n<ul class=\"wp-block-list\">\n<li>Steierm\u00e4rkische Medizinarchiv GmbH MARC als erster steirischer HEALIX-Partner zertifiziert.<\/li>\n\n\n\n<li>Kritische Telekommunikationsinfrastruktur f\u00fcr Krankenh\u00e4user und Ambulatorien jetzt inklusive Steiermark in sieben Bundesl\u00e4ndern online, Tirol und Vorarlberg sind in Planung.<\/li>\n\n\n\n<li>\u00d6sterreichweit bereits rund 100 Gesundheits-Einrichtungen angebunden.<\/li>\n<\/ul>\n\n\n\n<p>Der Telekommunikations-Komplettanbieter Drei hat mit der Steiermark ein weiteres Bundesland an das \u00f6sterreichische Gesundheits-Datennetz HEALIX angeschlossen. HEALIX ist Teil der staatlichen kritischen Infrastruktur. \u00dcber das eigene Datennetz f\u00fcr das \u00f6sterreichische Gesundheitswesen k\u00f6nnen Krankenh\u00e4user, Ambulatorien und Gesundheitsdienstleister gesch\u00fctzt und ausfallssicher Daten austauschen. Mit der Inbetriebnahme des neuen Knotens in der Steiermark ist HEALIX nun bereits in sieben von neun Bundesl\u00e4ndern in Verwendung. Insgesamt sind via HEALIX nun rund 100 Krankenh\u00e4user und Gesundheitseinrichtungen in ganz \u00d6sterreich technisch vernetzt.<\/p>\n<\/div>\n\n\n\n<div class=\"wp-block-column has-ast-global-color-5-background-color has-background is-layout-flow wp-block-column-is-layout-flow\" style=\"border-radius:10px;padding-top:var(--wp--preset--spacing--40);padding-right:var(--wp--preset--spacing--40);padding-bottom:var(--wp--preset--spacing--40);padding-left:var(--wp--preset--spacing--40)\">\n<figure class=\"wp-block-image size-large is-resized\"><img decoding=\"async\" src=\"https:\/\/img.diepresse.com\/public\/incoming\/tbe8do-marta-filipczyk-mN5-yjVGBAI-unsplash_1630997621311215_v0_h.jpg\/alternates\/WEBP_FREE_1800\/marta-filipczyk-mN5-yjVGBAI-unsplash_1630997621311215_v0_h.jpg\" alt=\"\" style=\"width:556px;height:auto\"\/><figcaption class=\"wp-element-caption\"><strong>14.09.2021- Digitale Kommunikation f\u00fcr die Medizin<\/strong><\/figcaption><\/figure>\n\n\n\n<h4 class=\"wp-block-heading\">Die Presse<\/h4>\n\n\n\n<p>Mit dem hochsicheren&nbsp;Gesundheitsnetzwerk HEALIX&nbsp;ist Telekommunikations-Anbieter Drei Technologief\u00fchrer. Dieses leistungsstarke Netz erm\u00f6glicht breitbandigen Datenaustausch zwischen allen Gesundheitsdiensteanbietern. Es kann f\u00fcr e-Health- und\/oder ELGA-Dienste ebenso genutzt werden wie f\u00fcr Videokonferenzen, Telekommunikation oder Archive. HEALIX ist auch mobil. \u00dcber ein Tablet mit spezieller App hat diese Technologie im Rahmen der Covid-19-Impfaktion die vollst\u00e4ndige und standardisierte digitale Impfdokumentation etwa bei Impfaktionen in Schulen, im Bus, im Supermarkt oder in der Disco erm\u00f6glicht.<\/p>\n<\/div>\n<\/div>\n","protected":false},"excerpt":{"rendered":"<p>Aktuelles Die Seite \u201aPresse\u2018 richtet sich an Journalist:innen, Medien und die \u00d6ffentlichkeit und dient dazu, \u00fcber wichtige Ereignisse, Partnerschaften und [&hellip;]<\/p>\n","protected":false},"author":1,"featured_media":0,"parent":0,"menu_order":0,"comment_status":"closed","ping_status":"closed","template":"","meta":{"site-sidebar-layout":"default","site-content-layout":"","ast-site-content-layout":"default","site-content-style":"default","site-sidebar-style":"default","ast-global-header-display":"","ast-banner-title-visibility":"","ast-main-header-display":"","ast-hfb-above-header-display":"","ast-hfb-below-header-display":"","ast-hfb-mobile-header-display":"","site-post-title":"disabled","ast-breadcrumbs-content":"","ast-featured-img":"","footer-sml-layout":"","theme-transparent-header-meta":"","adv-header-id-meta":"","stick-header-meta":"","header-above-stick-meta":"","header-main-stick-meta":"","header-below-stick-meta":"","astra-migrate-meta-layouts":"default","ast-page-background-enabled":"default","ast-page-background-meta":{"desktop":{"background-color":"var(--ast-global-color-5)","background-image":"","background-repeat":"repeat","background-position":"center center","background-size":"auto","background-attachment":"scroll","background-type":"","background-media":"","overlay-type":"","overlay-color":"","overlay-opacity":"","overlay-gradient":""},"tablet":{"background-color":"","background-image":"","background-repeat":"repeat","background-position":"center center","background-size":"auto","background-attachment":"scroll","background-type":"","background-media":"","overlay-type":"","overlay-color":"","overlay-opacity":"","overlay-gradient":""},"mobile":{"background-color":"","background-image":"","background-repeat":"repeat","background-position":"center center","background-size":"auto","background-attachment":"scroll","background-type":"","background-media":"","overlay-type":"","overlay-color":"","overlay-opacity":"","overlay-gradient":""}},"ast-content-background-meta":{"desktop":{"background-color":"var(--ast-global-color-4)","background-image":"","background-repeat":"repeat","background-position":"center center","background-size":"auto","background-attachment":"scroll","background-type":"","background-media":"","overlay-type":"","overlay-color":"","overlay-opacity":"","overlay-gradient":""},"tablet":{"background-color":"var(--ast-global-color-4)","background-image":"","background-repeat":"repeat","background-position":"center center","background-size":"auto","background-attachment":"scroll","background-type":"","background-media":"","overlay-type":"","overlay-color":"","overlay-opacity":"","overlay-gradient":""},"mobile":{"background-color":"var(--ast-global-color-4)","background-image":"","background-repeat":"repeat","background-position":"center center","background-size":"auto","background-attachment":"scroll","background-type":"","background-media":"","overlay-type":"","overlay-color":"","overlay-opacity":"","overlay-gradient":""}},"footnotes":""},"class_list":["post-121","page","type-page","status-publish","hentry"],"_links":{"self":[{"href":"https:\/\/healix.at\/index.php?rest_route=\/wp\/v2\/pages\/121","targetHints":{"allow":["GET"]}}],"collection":[{"href":"https:\/\/healix.at\/index.php?rest_route=\/wp\/v2\/pages"}],"about":[{"href":"https:\/\/healix.at\/index.php?rest_route=\/wp\/v2\/types\/page"}],"author":[{"embeddable":true,"href":"https:\/\/healix.at\/index.php?rest_route=\/wp\/v2\/users\/1"}],"replies":[{"embeddable":true,"href":"https:\/\/healix.at\/index.php?rest_route=%2Fwp%2Fv2%2Fcomments&post=121"}],"version-history":[{"count":27,"href":"https:\/\/healix.at\/index.php?rest_route=\/wp\/v2\/pages\/121\/revisions"}],"predecessor-version":[{"id":612,"href":"https:\/\/healix.at\/index.php?rest_route=\/wp\/v2\/pages\/121\/revisions\/612"}],"wp:attachment":[{"href":"https:\/\/healix.at\/index.php?rest_route=%2Fwp%2Fv2%2Fmedia&parent=121"}],"curies":[{"name":"wp","href":"https:\/\/api.w.org\/{rel}","templated":true}]}}