{"id":119,"date":"2026-01-25T22:40:06","date_gmt":"2026-01-25T22:40:06","guid":{"rendered":"http:\/\/localhost:9000\/?page_id=119"},"modified":"2026-01-26T10:43:06","modified_gmt":"2026-01-26T10:43:06","slug":"recht-sicherheit","status":"publish","type":"page","link":"https:\/\/healix.at\/?page_id=119","title":{"rendered":"Recht &amp; Sicherheit"},"content":{"rendered":"\n<h1 class=\"wp-block-heading has-ast-global-color-3-color has-text-color has-link-color has-x-large-font-size wp-elements-19dbd3065ddf2c435e923ad8c6bafd39\" style=\"margin-top:2rem;margin-bottom:var(--wp--preset--spacing--50)\">Recht &amp; Sicherheit<\/h1>\n\n\n\n<p>Der sichere elektronische Transport von Gesundheits- und Sozialdaten im HEALIX<br>Im Bereich der Gesundheits- und Sozialversorgung werden Daten von unterschiedlichen Organisationseinheiten an relevante Stellen versendet. Die vielf\u00e4ltigen Einsatzm\u00f6glichkeiten der Informationskommunikation f\u00f6rdern auch die Verbesserung der medizinischen Versorgung und bieten neue M\u00f6glichkeiten unter gesundheits\u00f6konomischen Rahmenbedingungen. Dem gegen\u00fcber stehen die Risiken, die nat\u00fcrlich f\u00fcr den gesamten Bereich der elektronischen Kommunikation gelten, wenn es um vertrauliche Gesundheits- und Personendaten geht. Im Gesundheits- und Sozialwesen hat der Schutz dieser Daten eine noch h\u00f6here Bedeutung.<\/p>\n\n\n\n<p>Gesundheitstelematikgesetz &#8211; GTelG<br>Der Gesetzgeber hat mit dem Bundesgesetz betreffend Datensicherheitsma\u00dfnahmen beim elektronischen Verkehr mit Gesundheitsdaten und Einrichtung eines Informationsmanagement (Gesundheitstelematikgesetz \u2013 GTelG) auf diese Risiken bereits reagiert.<br>Die Ziele dieses Bundesgesetzes sind, durch bundeseinheitliche Mindeststandards die Datensicherheit beim elektronischen Verkehr mit Gesundheitsdaten anzuheben sowie die f\u00fcr die Entwicklung und Steuerung der Gesundheitstelematik im internationalen Kontext notwendigen Informationsgrundlagen zu schaffen bzw. zu verbreitern.<\/p>\n\n\n\n<p>Sichere Kommunikation f\u00fcr Bits &amp; Bytes im Gesundheits- und Sozialwesen<br>HEALIX ist ein sicheres und spezialisiertes Kommunikationsnetzwerk f\u00fcr alle Akteure im Gesundheits- und Sozialwesen. Es werden die jahrelangen Erfahrungen der \u00f6sterreichischen Krankenanstalten und Sozialdienste sowie deren Partnerinnen und Partner ber\u00fccksichtigt. Damit wird ein verl\u00e4\u00dflicher und gesch\u00fctzter Transport der Gesundheits- und Sozialdaten umgesetzt. Entsprechend der international anerkannten Tradition des \u00f6sterreichischen Gesundheits- und Sozialwesens, steht damit die Basis f\u00fcr die elektronischen Gesundheits- und Sozialdienste (E-Health) im 21. Jahrhundert zur Verf\u00fcgung.<br>HEALIX bietet ma\u00dfgeschneiderte und inviduelle Transportl\u00f6sungen f\u00fcr die wachsenden Datenmengen der Anbieterinnen und Anbieter von Gesundheits- und Sozialdiensten in ganz \u00d6sterreich \u00fcber ein engmaschiges Netzwerk an, ohne die Souver\u00e4nit\u00e4t der einzelnen Teilnehmerinnen und Teilnehmer in Frage zu stellen. Die hochkomplexen und \u00fcbergreifenden Gesundheits- und Sozialprozesse sind dadurch leistungsf\u00e4hig und ausfallsicher miteinander verbunden.<\/p>\n\n\n\n<p>HEALIX vereinfacht die Kommunikation<br>HEALIX erweitert die Kapazit\u00e4ten f\u00fcr den Transport der elektronischen Gesundheits- und Sozialdaten (z.B. diagnostische Bilddaten wie R\u00f6ntgenbilder) und erg\u00e4nzt die bestehenden Kommunikationsverbindungen.<br>Durch die Qualit\u00e4t, Umfang und Flexiblit\u00e4t von HEALIX wird die Versorgung der Patientinnen und Patienten als auch der B\u00fcrgerinnen und B\u00fcrger im Gesundheits- und Sozialwesen in der gesamten Kommunikation (z.B. in Verbindung mit ELGA oder der e-card) vereinfacht. HEALIX stellt f\u00fcr die Patientinnen und Patienten als auch der B\u00fcrgerinnen und B\u00fcrger eine raschere und sichere Informationsweitergabe zwischen ihren Vertrauenspartnerinnen und -partnern (z.B. \u00c4rztinnen und \u00c4rzte, Labor, Krankhaus, mobile Pflegeeinrichtungen, usw.) zur Verf\u00fcgung.<\/p>\n\n\n\n<p>HEALIX erm\u00f6glicht ein rasches und akkordiertes Reagieren auf St\u00f6rungen in der IT<br>Daf\u00fcr verwendet HEALIX &#8211; wie eine Brandmeldeanlage &#8211; ein Warnsystem, das f\u00fcr alle Beteiligten Fehlfunktionen in der IT aufzeigt. HEALIX erkennt Fehlverhalten fr\u00fchzeitig und leitet entsprechende Informationen an die Beteiligten weiter. Dadurch k\u00f6nnen gemeinsam abgestimmte Gegenma\u00dfnahmen rasch eingeleitet werden.<\/p>\n\n\n\n<p>HEALIX als Bestandteil des \u00f6ffentlichen Lebens<br>HEALIX ist ein Teil der \u201ekritischen Infrastrukturen\u201c der Republik \u00d6sterreich. Kritische Infrastrukturen sind Einrichtungen und Organisationen mit sehr hoher Bedeutung f\u00fcr das \u00f6ffentliche und t\u00e4gliche Leben. Bei Ausfall oder Beeintr\u00e4chtigung dieser Infrastrukturen sind nachhaltig wirkende Versorgungsengp\u00e4sse, erhebliche St\u00f6rungen der \u00f6ffentlichen Sicherheit oder andere gravierende Auswirkungen zu erwarten. HEALIX hat auf die Erfahrungen im Schutz von kritischen Infrastrukturen der Republik \u00d6sterreich zur\u00fcckgegriffen und gemeinsam mit dem kritischen Infrastrukturbereich der Energieversorgung das Thema \u201eSichere und gesch\u00fctzte IT im Gesundheits- und Sozialwesen\u201c umgesetzt.<\/p>\n\n\n\n<p>Verantwortlichkeiten<br>In HEALIX haben alle Anbieterinnen und Anbieter von Gesundheits- und Sozialdiensten, die gleichen Rechte und Pflichten f\u00fcr Betrieb, Erweiterung und Kontrolle. Auf dieser Vertrauensbasis werden die bestehenden und zuk\u00fcnftigen IT-Herausforderungen in der E-Health Kommunikation im Interesse der Patientinnen und Patienten als auch der B\u00fcrgerinnen und B\u00fcrger effizient und sicher gel\u00f6st.<\/p>\n\n\n\n<hr class=\"wp-block-separator has-alpha-channel-opacity\"\/>\n\n\n\n<p style=\"margin-bottom:var(--wp--preset--spacing--80)\">1. Bundesgesetz betreffend Datensicherheitsma\u00dfnahmen bei der Verarbeitung elektronischer Gesundheitsdaten und genetischer Daten (<a href=\"https:\/\/www.ris.bka.gv.at\/GeltendeFassung.wxe?Abfrage=Bundesnormen&amp;Gesetzesnummer=20008120\" target=\"_blank\" rel=\"noreferrer noopener\">Gesundheitstelematikgesetz 2012 \u2013 GTelG 2012<\/a>)<br>StF: BGBl. I Nr. 111\/2012 (NR: GP XXIV RV 1936 AB 1979 S. 179. BR: AB 8818 S. 815.)<\/p>\n\n\n\n<p><\/p>\n","protected":false},"excerpt":{"rendered":"<p>Recht &amp; Sicherheit Der sichere elektronische Transport von Gesundheits- und Sozialdaten im HEALIXIm Bereich der Gesundheits- und Sozialversorgung werden Daten [&hellip;]<\/p>\n","protected":false},"author":1,"featured_media":0,"parent":0,"menu_order":0,"comment_status":"closed","ping_status":"closed","template":"","meta":{"site-sidebar-layout":"default","site-content-layout":"","ast-site-content-layout":"default","site-content-style":"default","site-sidebar-style":"default","ast-global-header-display":"","ast-banner-title-visibility":"","ast-main-header-display":"","ast-hfb-above-header-display":"","ast-hfb-below-header-display":"","ast-hfb-mobile-header-display":"","site-post-title":"disabled","ast-breadcrumbs-content":"","ast-featured-img":"","footer-sml-layout":"","theme-transparent-header-meta":"","adv-header-id-meta":"","stick-header-meta":"","header-above-stick-meta":"","header-main-stick-meta":"","header-below-stick-meta":"","astra-migrate-meta-layouts":"default","ast-page-background-enabled":"default","ast-page-background-meta":{"desktop":{"background-color":"var(--ast-global-color-5)","background-image":"","background-repeat":"repeat","background-position":"center center","background-size":"auto","background-attachment":"scroll","background-type":"","background-media":"","overlay-type":"","overlay-color":"","overlay-opacity":"","overlay-gradient":""},"tablet":{"background-color":"","background-image":"","background-repeat":"repeat","background-position":"center center","background-size":"auto","background-attachment":"scroll","background-type":"","background-media":"","overlay-type":"","overlay-color":"","overlay-opacity":"","overlay-gradient":""},"mobile":{"background-color":"","background-image":"","background-repeat":"repeat","background-position":"center center","background-size":"auto","background-attachment":"scroll","background-type":"","background-media":"","overlay-type":"","overlay-color":"","overlay-opacity":"","overlay-gradient":""}},"ast-content-background-meta":{"desktop":{"background-color":"var(--ast-global-color-4)","background-image":"","background-repeat":"repeat","background-position":"center center","background-size":"auto","background-attachment":"scroll","background-type":"","background-media":"","overlay-type":"","overlay-color":"","overlay-opacity":"","overlay-gradient":""},"tablet":{"background-color":"var(--ast-global-color-4)","background-image":"","background-repeat":"repeat","background-position":"center center","background-size":"auto","background-attachment":"scroll","background-type":"","background-media":"","overlay-type":"","overlay-color":"","overlay-opacity":"","overlay-gradient":""},"mobile":{"background-color":"var(--ast-global-color-4)","background-image":"","background-repeat":"repeat","background-position":"center center","background-size":"auto","background-attachment":"scroll","background-type":"","background-media":"","overlay-type":"","overlay-color":"","overlay-opacity":"","overlay-gradient":""}},"footnotes":""},"class_list":["post-119","page","type-page","status-publish","hentry"],"_links":{"self":[{"href":"https:\/\/healix.at\/index.php?rest_route=\/wp\/v2\/pages\/119","targetHints":{"allow":["GET"]}}],"collection":[{"href":"https:\/\/healix.at\/index.php?rest_route=\/wp\/v2\/pages"}],"about":[{"href":"https:\/\/healix.at\/index.php?rest_route=\/wp\/v2\/types\/page"}],"author":[{"embeddable":true,"href":"https:\/\/healix.at\/index.php?rest_route=\/wp\/v2\/users\/1"}],"replies":[{"embeddable":true,"href":"https:\/\/healix.at\/index.php?rest_route=%2Fwp%2Fv2%2Fcomments&post=119"}],"version-history":[{"count":3,"href":"https:\/\/healix.at\/index.php?rest_route=\/wp\/v2\/pages\/119\/revisions"}],"predecessor-version":[{"id":229,"href":"https:\/\/healix.at\/index.php?rest_route=\/wp\/v2\/pages\/119\/revisions\/229"}],"wp:attachment":[{"href":"https:\/\/healix.at\/index.php?rest_route=%2Fwp%2Fv2%2Fmedia&parent=119"}],"curies":[{"name":"wp","href":"https:\/\/api.w.org\/{rel}","templated":true}]}}