{"id":106,"date":"2026-01-25T22:36:45","date_gmt":"2026-01-25T22:36:45","guid":{"rendered":"http:\/\/localhost:9000\/?page_id=106"},"modified":"2026-04-09T11:34:53","modified_gmt":"2026-04-09T11:34:53","slug":"healix-testimonials","status":"publish","type":"page","link":"https:\/\/healix.at\/?page_id=106","title":{"rendered":"HEALIX Testimonials"},"content":{"rendered":"\n<div class=\"wp-block-group has-ast-global-color-5-background-color has-background is-vertical is-layout-flex wp-container-core-group-is-layout-d062f5d5 wp-block-group-is-layout-flex\" style=\"border-radius:10px;margin-top:var(--wp--preset--spacing--40);margin-bottom:var(--wp--preset--spacing--70)\">\n<h1 class=\"wp-block-heading\">HEALIX Testimonials<\/h1>\n\n\n\n<p>Stimmen aus dem \u00f6sterreichischen Gesundheitswesen.<\/p>\n<\/div>\n\n\n\n<p><em>&#8220;Das Gesundheitsnetzwerk HEALIX ist ein krisensicheres, schnelles &amp; leistungsf\u00e4higes System zur \u00dcbermittlung von sensiblen Gesundheitsdaten. Der Vorteil dieses Netzwerkes besteht darin sogenannte Telekonsultation &amp; Fallkonferenzen durchzuf\u00fchren, wo dadurch auch Wartezeiten f\u00fcr den Patienten erspart werden k\u00f6nnen, da die Daten nahezu zeitgleich von Punkt A an den Punkt B \u00fcbermittelt werden k\u00f6nnen.Ein weiterer Vorteil ist auch in der Vermeidung von Redundanz, d.h. Doppeluntersuchungen sollten dadurch weitgehend vermieden werden k\u00f6nnen.\u201c<\/em><br><strong>Prim. Mag. Dr. Klaus Buttinger, MBA<br>e-Health Beauftrager O\u00d6 Gesundheitsholding GmbH, \u00c4rztl. Direktor-Stv., Institutsleiter Radiologie SK Bad Ischl<\/strong><\/p>\n\n\n\n<hr class=\"wp-block-separator has-alpha-channel-opacity is-style-wide\"\/>\n\n\n\n<p><em> &#8220;Mit Zustimmung der Patienten k\u00f6nnen wir nun R\u00f6ntgen- oder MR-Bilder sofort ohne Zeitverlust elektronisch an die behandelnden \u00c4rzte und Krankenh\u00e4user \u00fcbermitteln. Auch bei gro\u00dfen Datenmengen gab es keinerlei Probleme. Notwendige Behandlungen k\u00f6nnen damit schneller beginnen und Wartezeiten f\u00fcr Patienten und \u00c4rzte vermieden werden. Wenn \u00c4rzte und Krankenanstalten via HEALIX vernetzt sind, m\u00fcssen Patienten nicht mehr, wie heute in der Praxis oft notwendig, selbst f\u00fcr die Aufbewahrung, \u00dcbermittlung und Mitnahme von Befunden und R\u00f6ntgenbilder sorgen, wenn sie den Behandlungsort oder den Arzt wechseln. Das hilft den Patienten, verhindert den Verlust von Befunden und spart Kosten durch die Vermeidung von Doppel-Untersuchungen&#8221;. Dr. Anna Scheurecker vom R\u00f6ntgen-Institut Linz ist bereits seit einem halben Jahr an HEALIX angeschlossen und ist begeistert:<\/em><br><strong>Dr. Anna Scheurecker, FA f\u00fcr Radiologie, CT-MRT Schillerpark<\/strong><\/p>\n\n\n\n<hr class=\"wp-block-separator has-alpha-channel-opacity is-style-wide\"\/>\n\n\n\n<p><em> &#8220;HEALIX, die strategische e-Health-Kommunikationsplattform der Stadt Wien, erh\u00f6ht die Sicherheit und Zuverl\u00e4ssigkeit beim medizinischen Datenverkehr zwischen den Krankenanstalten und mit anderen Gesundheitsdiensteanbietern und entspricht daher dem Gesundheitstelematikgesetz.&#8221;<\/em><br><strong>Ing. Franz Hoheiser-Pf\u00f6rtner, MSc<br>Chief Information Security Officer im Wiener Krankenanstaltenverbund<\/strong><\/p>\n\n\n\n<figure class=\"wp-block-image aligncenter size-large\" style=\"margin-top:var(--wp--preset--spacing--80);margin-bottom:var(--wp--preset--spacing--80)\"><img decoding=\"async\" src=\"\/wp-content\/uploads\/2026\/01\/HEALIX_Logoleiste2-1024x55.jpg\" alt=\"\"\/><\/figure>\n","protected":false},"excerpt":{"rendered":"<p>HEALIX Testimonials Stimmen aus dem \u00f6sterreichischen Gesundheitswesen. &#8220;Das Gesundheitsnetzwerk HEALIX ist ein krisensicheres, schnelles &amp; leistungsf\u00e4higes System zur \u00dcbermittlung von [&hellip;]<\/p>\n","protected":false},"author":1,"featured_media":0,"parent":0,"menu_order":0,"comment_status":"closed","ping_status":"closed","template":"","meta":{"site-sidebar-layout":"default","site-content-layout":"","ast-site-content-layout":"default","site-content-style":"default","site-sidebar-style":"default","ast-global-header-display":"","ast-banner-title-visibility":"","ast-main-header-display":"","ast-hfb-above-header-display":"","ast-hfb-below-header-display":"","ast-hfb-mobile-header-display":"","site-post-title":"disabled","ast-breadcrumbs-content":"","ast-featured-img":"","footer-sml-layout":"","theme-transparent-header-meta":"","adv-header-id-meta":"","stick-header-meta":"","header-above-stick-meta":"","header-main-stick-meta":"","header-below-stick-meta":"","astra-migrate-meta-layouts":"default","ast-page-background-enabled":"default","ast-page-background-meta":{"desktop":{"background-color":"var(--ast-global-color-5)","background-image":"","background-repeat":"repeat","background-position":"center center","background-size":"auto","background-attachment":"scroll","background-type":"","background-media":"","overlay-type":"","overlay-color":"","overlay-opacity":"","overlay-gradient":""},"tablet":{"background-color":"","background-image":"","background-repeat":"repeat","background-position":"center center","background-size":"auto","background-attachment":"scroll","background-type":"","background-media":"","overlay-type":"","overlay-color":"","overlay-opacity":"","overlay-gradient":""},"mobile":{"background-color":"","background-image":"","background-repeat":"repeat","background-position":"center center","background-size":"auto","background-attachment":"scroll","background-type":"","background-media":"","overlay-type":"","overlay-color":"","overlay-opacity":"","overlay-gradient":""}},"ast-content-background-meta":{"desktop":{"background-color":"var(--ast-global-color-4)","background-image":"","background-repeat":"repeat","background-position":"center center","background-size":"auto","background-attachment":"scroll","background-type":"","background-media":"","overlay-type":"","overlay-color":"","overlay-opacity":"","overlay-gradient":""},"tablet":{"background-color":"var(--ast-global-color-4)","background-image":"","background-repeat":"repeat","background-position":"center center","background-size":"auto","background-attachment":"scroll","background-type":"","background-media":"","overlay-type":"","overlay-color":"","overlay-opacity":"","overlay-gradient":""},"mobile":{"background-color":"var(--ast-global-color-4)","background-image":"","background-repeat":"repeat","background-position":"center center","background-size":"auto","background-attachment":"scroll","background-type":"","background-media":"","overlay-type":"","overlay-color":"","overlay-opacity":"","overlay-gradient":""}},"footnotes":""},"class_list":["post-106","page","type-page","status-publish","hentry"],"_links":{"self":[{"href":"https:\/\/healix.at\/index.php?rest_route=\/wp\/v2\/pages\/106","targetHints":{"allow":["GET"]}}],"collection":[{"href":"https:\/\/healix.at\/index.php?rest_route=\/wp\/v2\/pages"}],"about":[{"href":"https:\/\/healix.at\/index.php?rest_route=\/wp\/v2\/types\/page"}],"author":[{"embeddable":true,"href":"https:\/\/healix.at\/index.php?rest_route=\/wp\/v2\/users\/1"}],"replies":[{"embeddable":true,"href":"https:\/\/healix.at\/index.php?rest_route=%2Fwp%2Fv2%2Fcomments&post=106"}],"version-history":[{"count":4,"href":"https:\/\/healix.at\/index.php?rest_route=\/wp\/v2\/pages\/106\/revisions"}],"predecessor-version":[{"id":625,"href":"https:\/\/healix.at\/index.php?rest_route=\/wp\/v2\/pages\/106\/revisions\/625"}],"wp:attachment":[{"href":"https:\/\/healix.at\/index.php?rest_route=%2Fwp%2Fv2%2Fmedia&parent=106"}],"curies":[{"name":"wp","href":"https:\/\/api.w.org\/{rel}","templated":true}]}}