{"id":104,"date":"2026-01-25T22:36:23","date_gmt":"2026-01-25T22:36:23","guid":{"rendered":"http:\/\/localhost:9000\/?page_id=104"},"modified":"2026-04-09T11:56:56","modified_gmt":"2026-04-09T11:56:56","slug":"die-erfahrungen-mit-healix","status":"publish","type":"page","link":"https:\/\/healix.at\/?page_id=104","title":{"rendered":"Die Erfahrungen mit HEALIX"},"content":{"rendered":"\n<div class=\"wp-block-group has-ast-global-color-5-background-color has-background is-vertical is-layout-flex wp-container-core-group-is-layout-d062f5d5 wp-block-group-is-layout-flex\" style=\"border-radius:10px;margin-top:var(--wp--preset--spacing--40);margin-bottom:var(--wp--preset--spacing--70)\">\n<h1 class=\"wp-block-heading\">Die Erfahrungen mit HEALIX<\/h1>\n\n\n\n<p>Beispiele aus der Praxis<\/p>\n\n\n\n<p>Erfahrungen aus der Praxis bei der Ober\u00f6sterreichischen Gesundheitsholding GmbH<br>(vormals gespag) als einer der Gr\u00fcndungsmitglieder von HEALIX seit 2008.<\/p>\n<\/div>\n\n\n\n<h4 class=\"wp-block-heading\">Praxisbeispiel: Ober\u00f6sterreichische Gesundheitsholding<\/h4>\n\n\n\n<p>Ein Patient wird von einem nieder\u00f6sterreichischen Landeskrankenhaus f\u00fcr eine spezielle Operation in die Landesnervenklinik Wagner Jauregg nach Linz \u00fcberwiesen. S\u00e4mtliche Laborbefunde, Arztbriefe und Bilder werden via HEALIX \u00fcbermittelt und sind sofort vom Wagner Jauregg Krankenhaus abrufbar.<\/p>\n\n\n\n<p>Das bedeutet:<\/p>\n\n\n\n<ul class=\"wp-block-list\">\n<li>Zeit-, Arbeits- und Transportkosten-Ersparnis f\u00fcr alle<\/li>\n\n\n\n<li>Patientenkomfort (Er\/Sie braucht sich um nichts zu k\u00fcmmern)<\/li>\n<\/ul>\n\n\n\n<p>Anzahl der Daten-Transaktionen der o\u00f6g im Zeitraum von 6 Monaten:<\/p>\n\n\n\n<ul class=\"wp-block-list\">\n<li>Mehr als 3.500 Transaktionen im gro\u00dfvolumigen Datenbereich zwischen Krankenh\u00e4usern und anderen GDAs<\/li>\n\n\n\n<li>Davon mehr als 10 Prozent bundesland\u00fcbergreifend<\/li>\n\n\n\n<li>230.000 Transaktionen mit E-Card Sozialversicherung<\/li>\n<\/ul>\n\n\n\n<figure class=\"wp-block-image aligncenter size-large\" style=\"margin-top:var(--wp--preset--spacing--80);margin-bottom:var(--wp--preset--spacing--80)\"><img decoding=\"async\" src=\"\/wp-content\/uploads\/2026\/01\/HEALIX_Logoleiste2-1024x55.jpg\" alt=\"\"\/><\/figure>\n","protected":false},"excerpt":{"rendered":"<p>Die Erfahrungen mit HEALIX Beispiele aus der Praxis Erfahrungen aus der Praxis bei der Ober\u00f6sterreichischen Gesundheitsholding GmbH(vormals gespag) als einer [&hellip;]<\/p>\n","protected":false},"author":1,"featured_media":0,"parent":0,"menu_order":0,"comment_status":"closed","ping_status":"closed","template":"","meta":{"site-sidebar-layout":"default","site-content-layout":"","ast-site-content-layout":"default","site-content-style":"default","site-sidebar-style":"default","ast-global-header-display":"","ast-banner-title-visibility":"","ast-main-header-display":"","ast-hfb-above-header-display":"","ast-hfb-below-header-display":"","ast-hfb-mobile-header-display":"","site-post-title":"disabled","ast-breadcrumbs-content":"","ast-featured-img":"","footer-sml-layout":"","theme-transparent-header-meta":"","adv-header-id-meta":"","stick-header-meta":"","header-above-stick-meta":"","header-main-stick-meta":"","header-below-stick-meta":"","astra-migrate-meta-layouts":"default","ast-page-background-enabled":"default","ast-page-background-meta":{"desktop":{"background-color":"var(--ast-global-color-5)","background-image":"","background-repeat":"repeat","background-position":"center center","background-size":"auto","background-attachment":"scroll","background-type":"","background-media":"","overlay-type":"","overlay-color":"","overlay-opacity":"","overlay-gradient":""},"tablet":{"background-color":"","background-image":"","background-repeat":"repeat","background-position":"center center","background-size":"auto","background-attachment":"scroll","background-type":"","background-media":"","overlay-type":"","overlay-color":"","overlay-opacity":"","overlay-gradient":""},"mobile":{"background-color":"","background-image":"","background-repeat":"repeat","background-position":"center center","background-size":"auto","background-attachment":"scroll","background-type":"","background-media":"","overlay-type":"","overlay-color":"","overlay-opacity":"","overlay-gradient":""}},"ast-content-background-meta":{"desktop":{"background-color":"var(--ast-global-color-4)","background-image":"","background-repeat":"repeat","background-position":"center center","background-size":"auto","background-attachment":"scroll","background-type":"","background-media":"","overlay-type":"","overlay-color":"","overlay-opacity":"","overlay-gradient":""},"tablet":{"background-color":"var(--ast-global-color-4)","background-image":"","background-repeat":"repeat","background-position":"center center","background-size":"auto","background-attachment":"scroll","background-type":"","background-media":"","overlay-type":"","overlay-color":"","overlay-opacity":"","overlay-gradient":""},"mobile":{"background-color":"var(--ast-global-color-4)","background-image":"","background-repeat":"repeat","background-position":"center center","background-size":"auto","background-attachment":"scroll","background-type":"","background-media":"","overlay-type":"","overlay-color":"","overlay-opacity":"","overlay-gradient":""}},"footnotes":""},"class_list":["post-104","page","type-page","status-publish","hentry"],"_links":{"self":[{"href":"https:\/\/healix.at\/index.php?rest_route=\/wp\/v2\/pages\/104","targetHints":{"allow":["GET"]}}],"collection":[{"href":"https:\/\/healix.at\/index.php?rest_route=\/wp\/v2\/pages"}],"about":[{"href":"https:\/\/healix.at\/index.php?rest_route=\/wp\/v2\/types\/page"}],"author":[{"embeddable":true,"href":"https:\/\/healix.at\/index.php?rest_route=\/wp\/v2\/users\/1"}],"replies":[{"embeddable":true,"href":"https:\/\/healix.at\/index.php?rest_route=%2Fwp%2Fv2%2Fcomments&post=104"}],"version-history":[{"count":4,"href":"https:\/\/healix.at\/index.php?rest_route=\/wp\/v2\/pages\/104\/revisions"}],"predecessor-version":[{"id":640,"href":"https:\/\/healix.at\/index.php?rest_route=\/wp\/v2\/pages\/104\/revisions\/640"}],"wp:attachment":[{"href":"https:\/\/healix.at\/index.php?rest_route=%2Fwp%2Fv2%2Fmedia&parent=104"}],"curies":[{"name":"wp","href":"https:\/\/api.w.org\/{rel}","templated":true}]}}